{"id":144,"date":"2012-09-23T22:08:53","date_gmt":"2012-09-23T22:08:53","guid":{"rendered":"http:\/\/www.zs.pilchowice.pl\/?page_id=144"},"modified":"2015-10-02T16:59:38","modified_gmt":"2015-10-02T14:59:38","slug":"szkolna-ekspedycja","status":"publish","type":"page","link":"https:\/\/zs.pilchowice.pl\/?page_id=144","title":{"rendered":"Szkolna Ekspedycja"},"content":{"rendered":"<p style=\"text-align: justify;\"><img decoding=\"async\" class=\"ngg-singlepic ngg-none\" src=\"http:\/\/www.zs.pilchowice.pl\/wp-content\/gallery\/strony\/facebook_120614.jpg\" alt=\"facebook_120614\" \/><\/p>\n<h1 align=\"JUSTIFY\"><span style=\"font-size: medium;\">Informacje<\/span><\/h1>\n<p align=\"JUSTIFY\"><span style=\"font-size: medium;\">Nadlatujemy!\u00a0 Uczniowie z Gminy Pilchowice ! CARPE DIEM<\/span><\/p>\n<h1 align=\"JUSTIFY\"><span style=\"font-size: medium;\">Opis<\/span><\/h1>\n<p align=\"JUSTIFY\"><span style=\"font-size: medium;\">Jak najkr\u00f3cej opisa\u0107 to, czego chcemy dokona\u0107?<br \/>\nOt\u00f3\u017c, za cel obrali\u015bmy sobie promowanie w\u015br\u00f3d naszych r\u00f3wie\u015bnik\u00f3w turystyki backpackingowej &#8211; formy indywidualnej turystyki wyjazdowej, polegaj\u0105cej na odbywaniu podr\u00f3\u017cy, zazwyczaj zagranicznych, cz\u0119sto do kraj\u00f3w egzotycznych, bez odg\u00f3rnie ustalonych plan\u00f3w. Backpacking uprawiaj\u0105 najcz\u0119\u015bciej osoby m\u0142ode, niekiedy niejako z przymusu (np. z powodu ograniczonego bud\u017cetu), jednak cz\u0119\u015bciej jest to \u015bwiadomy wyb\u00f3r backpackera i wspania\u0142y spos\u00f3b na poznanie odwiedzanego kraju &#8222;od kuchni&#8221;.<br \/>\nNastawiamy si\u0119 na poznawanie i ch\u0142oni\u0119cie zwiedzanych kraj\u00f3w bez wytchnienia &#8211; odpoczynek pozostawiamy sobie na emerytur\u0119.<br \/>\n<\/span><\/p>\n<p style=\"text-align: justify;\"><a title=\"Szkolna Ekspedycja\" href=\"http:\/\/www.fb.com\/ekspedycja\" target=\"_blank\">www.fb.com\/ekspedycja<\/a><\/p>\n<h1 style=\"text-align: justify;\">Historia Ekspedycji<\/h1>\n<p>&nbsp;<\/p>\n<p align=\"JUSTIFY\"><strong>Szkolna Ekspedycja I Pilchowice &#8211; Maroko<\/strong><\/p>\n<p align=\"JUSTIFY\">Termin: 29.01. &#8211; 08.02.2012 r.<\/p>\n<p align=\"JUSTIFY\">Nasz sk\u0142ad: El\u017cbieta Kiszka, Justyna Reginek, Justyna Sobota, Martyna Szolc, Julia Wiechoczek, Witold Russin oraz Urszula Orze\u0142 (piel\u0119gniarka) i Adam Ziaja (nauczyciel).<\/p>\n<p align=\"JUSTIFY\"><img decoding=\"async\" class=\"ngg-singlepic ngg-left\" src=\"http:\/\/www.zs.pilchowice.pl\/wp-content\/gallery\/strony\/ekspedycja_sponsorzy_120124.jpg\" alt=\"ekspedycja_sponsorzy_120124\" \/><\/p>\n<table style=\"width: 194px;\">\n<tbody>\n<tr>\n<td style=\"height: 194px; background: url('https:\/\/picasaweb.google.com\/s\/c\/transparent_album_background.gif') no-repeat left;\" align=\"center\"><a href=\"https:\/\/picasaweb.google.com\/100487801866119661217\/SzkolnaEkspedycjaIMaroko2012?authuser=0&amp;feat=embedwebsite\"><img decoding=\"async\" loading=\"lazy\" style=\"margin: 1px 0 0 4px;\" src=\"https:\/\/lh6.googleusercontent.com\/-Go-tw7Qfedo\/UPb-nMeswZE\/AAAAAAAAArs\/hmTFD8_nVFE\/s160-c\/SzkolnaEkspedycjaIMaroko2012.jpg\" alt=\"\" width=\"160\" height=\"160\" \/><\/a><\/td>\n<\/tr>\n<tr>\n<td style=\"text-align: center; font-family: arial,sans-serif; font-size: 11px;\"><a style=\"color: #4d4d4d; font-weight: bold; text-decoration: none;\" href=\"https:\/\/picasaweb.google.com\/100487801866119661217\/SzkolnaEkspedycjaIMaroko2012?authuser=0&amp;feat=embedwebsite\">Szkolna Ekspedycja I Maroko 2012<\/a><\/td>\n<\/tr>\n<\/tbody>\n<\/table>\n<p align=\"JUSTIFY\"><span style=\"font-size: medium;\"><br \/>\n<\/span><\/p>\n<p><iframe loading=\"lazy\" src=\"http:\/\/www.youtube.com\/embed\/CnSnoMeUW-E?rel=0\" width=\"560\" height=\"315\" frameborder=\"0\"><\/iframe><\/p>\n<p><iframe loading=\"lazy\" src=\"http:\/\/www.youtube.com\/embed\/3EY5rVlVC1M?rel=0\" width=\"560\" height=\"315\" frameborder=\"0\"><\/iframe><\/p>\n<p><iframe loading=\"lazy\" src=\"http:\/\/www.youtube.com\/embed\/PcvOR5McVZg?rel=0\" width=\"560\" height=\"315\" frameborder=\"0\"><\/iframe><\/p>\n<p><iframe loading=\"lazy\" src=\"http:\/\/www.youtube.com\/embed\/_a2Xj4V2Nt8?rel=0\" width=\"560\" height=\"315\" frameborder=\"0\"><\/iframe><\/p>\n<p>&nbsp;<\/p>\n<h6 style=\"text-align: justify;\" align=\"JUSTIFY\"><span style=\"font-size: medium;\"><strong>Szkolna Ekspedycja II Pilchowice &#8211; Norwegia<\/strong> <\/span><\/h6>\n<h6 style=\"text-align: justify;\" align=\"JUSTIFY\"><\/h6>\n<h6 style=\"text-align: justify;\" align=\"JUSTIFY\"><span style=\"font-size: medium;\">Termin: 21.06. &#8211; 22.06.2012 r. <\/span><\/h6>\n<h6 style=\"text-align: justify;\" align=\"JUSTIFY\"><\/h6>\n<h6 style=\"text-align: justify;\" align=\"JUSTIFY\"><span style=\"font-size: medium;\">Nasz sk\u0142ad: Justyna Reginek, Justyna Sobota, Martyna Szolc, Julia Wiechoczek, Klaudia Gancarczyk, Karolina J\u00f3zefowska, Jesica Grzelak, Sarah Bernatzky, Hanna M\u0142otkowska, Dominika Klyszcz oraz Urszula Orze\u0142 (piel\u0119gniarka) i Adam Ziaja (nauczyciel).<\/span><\/h6>\n<p>&nbsp;<\/p>\n<p><img decoding=\"async\" class=\"ngg-singlepic ngg-none\" src=\"http:\/\/www.zs.pilchowice.pl\/wp-content\/gallery\/strony\/baner_norwegia_16x9.jpg\" alt=\"baner_norwegia_16x9\" \/><\/p>\n<p><iframe loading=\"lazy\" src=\"http:\/\/www.youtube.com\/embed\/EyAWJs9sJfo?rel=0\" width=\"560\" height=\"315\" frameborder=\"0\"><\/iframe><\/p>\n<p><span style=\"font-size: medium;\">\u00a0<\/span><\/p>\n<table style=\"width: 194px;\">\n<tbody>\n<tr>\n<td style=\"height: 194px; background: url('https:\/\/picasaweb.google.com\/s\/c\/transparent_album_background.gif') no-repeat left;\" align=\"center\"><a href=\"https:\/\/picasaweb.google.com\/100487801866119661217\/SzkolnaEkspedycjaIINorwegia2012?authuser=0&amp;feat=embedwebsite\"><img decoding=\"async\" loading=\"lazy\" style=\"margin: 1px 0 0 4px;\" src=\"https:\/\/lh3.googleusercontent.com\/-cniRG3HWRTg\/UPb_nDAtIhE\/AAAAAAAAAus\/AoDLdPdlTyw\/s160-c\/SzkolnaEkspedycjaIINorwegia2012.jpg\" alt=\"\" width=\"160\" height=\"160\" \/><\/a><\/td>\n<\/tr>\n<tr>\n<td style=\"text-align: center; font-family: arial,sans-serif; font-size: 11px;\"><a style=\"color: #4d4d4d; font-weight: bold; text-decoration: none;\" href=\"https:\/\/picasaweb.google.com\/100487801866119661217\/SzkolnaEkspedycjaIINorwegia2012?authuser=0&amp;feat=embedwebsite\">Szkolna Ekspedycja II Norwegia 2012<\/a><\/td>\n<\/tr>\n<\/tbody>\n<\/table>\n<p align=\"JUSTIFY\"><span style=\"font-size: medium;\"><strong>Szkolna Ekspedycja III Pilchowice &#8211; Gruzja<\/strong><\/span><\/p>\n<p><span style=\"font-size: medium;\">Termin: 25.07. &#8211; 08.08.2012 r.<\/span><\/p>\n<p><span style=\"font-size: medium;\">Nasz sk\u0142ad: Hanna M\u0142otkowska, Justyna Reginek, Michal Zmarz\u0142y, Witold Russin oraz Urszula Orze\u0142 (piel\u0119gniarka) i Adam Ziaja (nauczyciel).<\/span><\/p>\n<p><img decoding=\"async\" class=\"ngg-singlepic ngg-none\" src=\"http:\/\/www.zs.pilchowice.pl\/wp-content\/gallery\/strony\/gruzja_fb.jpg\" alt=\"gruzja_fb\" \/><\/p>\n<p><iframe loading=\"lazy\" src=\"http:\/\/www.youtube.com\/embed\/LUf_1UNcCLo?rel=0\" width=\"560\" height=\"315\" frameborder=\"0\"><\/iframe><\/p>\n<table style=\"width: 194px;\">\n<tbody>\n<tr>\n<td style=\"height: 194px; background: url('https:\/\/picasaweb.google.com\/s\/c\/transparent_album_background.gif') no-repeat left;\" align=\"center\"><a href=\"https:\/\/picasaweb.google.com\/100487801866119661217\/SzkolnaEkspedycjaIIIGruzja2012?authuser=0&amp;feat=embedwebsite\"><img decoding=\"async\" loading=\"lazy\" style=\"margin: 1px 0 0 4px;\" src=\"https:\/\/lh3.googleusercontent.com\/-9pND2hPDP3A\/UPcABAVAsME\/AAAAAAAAA8M\/Jaa_6zEZNTc\/s160-c\/SzkolnaEkspedycjaIIIGruzja2012.jpg\" alt=\"\" width=\"160\" height=\"160\" \/><\/a><\/td>\n<\/tr>\n<tr>\n<td style=\"text-align: center; font-family: arial,sans-serif; font-size: 11px;\"><a style=\"color: #4d4d4d; font-weight: bold; text-decoration: none;\" href=\"https:\/\/picasaweb.google.com\/100487801866119661217\/SzkolnaEkspedycjaIIIGruzja2012?authuser=0&amp;feat=embedwebsite\">Szkolna Ekspedycja III Gruzja 2012<\/a><\/td>\n<\/tr>\n<\/tbody>\n<\/table>\n<p align=\"JUSTIFY\"><strong>Szkolna Ekspedycja IV Pilchowice &#8211; Sri Lanka<\/strong><\/p>\n<p>Termin: 04.02. &#8211; 26.02.2013 r.<\/p>\n<p>Nasz sk\u0142ad: Hanna M\u0142otkowska, Krystyna Chimiak, Karolina Wieczorke, Aleksandra \u015awierkot, Krzysztof Zacherniak oraz Urszula Orze\u0142 (piel\u0119gniarka) i Adam Ziaja (nauczyciel).<\/p>\n<p><a href=\"http:\/\/www.zs.pilchowice.pl\/wp-content\/uploads\/2013\/02\/srilanka_16x9.jpg\"><img decoding=\"async\" loading=\"lazy\" class=\"alignleft size-large wp-image-1272\" src=\"http:\/\/www.zs.pilchowice.pl\/wp-content\/uploads\/2013\/02\/srilanka_16x9-1024x497.jpg\" alt=\"srilanka_16x9\" width=\"584\" height=\"283\" srcset=\"https:\/\/zs.pilchowice.pl\/wp-content\/uploads\/2013\/02\/srilanka_16x9-1024x497.jpg 1024w, https:\/\/zs.pilchowice.pl\/wp-content\/uploads\/2013\/02\/srilanka_16x9-300x145.jpg 300w, https:\/\/zs.pilchowice.pl\/wp-content\/uploads\/2013\/02\/srilanka_16x9-500x242.jpg 500w\" sizes=\"(max-width: 584px) 100vw, 584px\" \/><\/a><\/p>\n<p><iframe loading=\"lazy\" src=\"http:\/\/www.youtube.com\/embed\/vFy7T_0N3Rk\" width=\"560\" height=\"315\" frameborder=\"0\" allowfullscreen=\"allowfullscreen\"><\/iframe><\/p>\n<p><iframe loading=\"lazy\" src=\"http:\/\/www.youtube.com\/embed\/uu7_5vn6lS4\" width=\"560\" height=\"315\" frameborder=\"0\" allowfullscreen=\"allowfullscreen\"><\/iframe><\/p>\n<p><iframe loading=\"lazy\" src=\"http:\/\/www.youtube.com\/embed\/-k0ZV1S2ecM\" width=\"560\" height=\"315\" frameborder=\"0\" allowfullscreen=\"allowfullscreen\"><\/iframe><\/p>\n<table style=\"width: 194px;\">\n<tbody>\n<tr>\n<td style=\"height: 194px; background: url('https:\/\/picasaweb.google.com\/s\/c\/transparent_album_background.gif') no-repeat left;\" align=\"center\"><a href=\"https:\/\/picasaweb.google.com\/100487801866119661217\/Szkolna_Ekspedycja_Sri_Lanka_odprawa_2013?authuser=0&amp;feat=embedwebsite\"><img decoding=\"async\" loading=\"lazy\" style=\"margin: 1px 0 0 4px;\" src=\"https:\/\/lh4.googleusercontent.com\/-stIQB5WgX7w\/UQwbD0sts3E\/AAAAAAAABaY\/8cSUxReASz0\/s160-c\/Szkolna_Ekspedycja_Sri_Lanka_odprawa_2013.jpg\" alt=\"\" width=\"160\" height=\"160\" \/><\/a><\/td>\n<\/tr>\n<tr>\n<td style=\"text-align: center; font-family: arial,sans-serif; font-size: 11px;\"><a style=\"color: #4d4d4d; font-weight: bold; text-decoration: none;\" href=\"https:\/\/picasaweb.google.com\/100487801866119661217\/Szkolna_Ekspedycja_Sri_Lanka_odprawa_2013?authuser=0&amp;feat=embedwebsite\">Szkolna_Ekspedycja_Sri_Lanka_odprawa_2013<\/a><\/td>\n<\/tr>\n<\/tbody>\n<\/table>\n<table style=\"width: 194px;\">\n<tbody>\n<tr>\n<td style=\"height: 194px; background: url('https:\/\/picasaweb.google.com\/s\/c\/transparent_album_background.gif') no-repeat left;\" align=\"center\"><a href=\"https:\/\/picasaweb.google.com\/100487801866119661217\/SzkolnaEkspedycjaIVPilchowiceSriLanka2013?authuser=0&amp;feat=embedwebsite\"><img decoding=\"async\" loading=\"lazy\" style=\"margin: 1px 0 0 4px;\" src=\"https:\/\/lh3.googleusercontent.com\/-jnDioXgqmJ4\/UW5CL56OquE\/AAAAAAAAC3I\/vLGyBKDPIek\/s160-c\/SzkolnaEkspedycjaIVPilchowiceSriLanka2013.jpg\" alt=\"\" width=\"160\" height=\"160\" \/><\/a><\/td>\n<\/tr>\n<tr>\n<td style=\"text-align: center; font-family: arial,sans-serif; font-size: 11px;\"><a style=\"color: #4d4d4d; font-weight: bold; text-decoration: none;\" href=\"https:\/\/picasaweb.google.com\/100487801866119661217\/SzkolnaEkspedycjaIVPilchowiceSriLanka2013?authuser=0&amp;feat=embedwebsite\">Szkolna Ekspedycja IV &#8211; Pilchowice &#8211; Sri Lanka 2013<\/a><\/td>\n<\/tr>\n<\/tbody>\n<\/table>\n<table style=\"width: 194px;\">\n<tbody>\n<tr>\n<td style=\"height: 194px; background: url('https:\/\/picasaweb.google.com\/s\/c\/transparent_album_background.gif') no-repeat left;\" align=\"center\"><a href=\"https:\/\/picasaweb.google.com\/100487801866119661217\/SzkolnaEkspedycjaIVSriLankaPodsumowanie?authuser=0&amp;feat=embedwebsite\"><img decoding=\"async\" loading=\"lazy\" style=\"margin: 1px 0 0 4px;\" src=\"https:\/\/lh6.googleusercontent.com\/-1FxIq8a_FCo\/UW4-3AFE_SE\/AAAAAAAABrc\/HFsq64KApzE\/s160-c\/SzkolnaEkspedycjaIVSriLankaPodsumowanie.jpg\" alt=\"\" width=\"160\" height=\"160\" \/><\/a><\/td>\n<\/tr>\n<tr>\n<td style=\"text-align: center; font-family: arial,sans-serif; font-size: 11px;\"><a style=\"color: #4d4d4d; font-weight: bold; text-decoration: none;\" href=\"https:\/\/picasaweb.google.com\/100487801866119661217\/SzkolnaEkspedycjaIVSriLankaPodsumowanie?authuser=0&amp;feat=embedwebsite\">Szkolna Ekspedycja IV Sri Lanka &#8211; podsumowanie<\/a><\/td>\n<\/tr>\n<\/tbody>\n<\/table>\n<p align=\"JUSTIFY\"><strong>Szkolna Ekspedycja V Pilchowice \u2013 Armenia<\/strong><\/p>\n<p>Termin: 16 &#8211; 30.07.2013 r.<\/p>\n<p>Nasz sk\u0142ad: Hanna M\u0142otkowska, Aleksandra \u015awierkot, Magdalena Zacherniak, Krzysztof Zacherniak, Karol Reginek, Szymon Staro\u015bcik oraz Agnieszka Wodniak (opiekun) i Adam Ziaja (nauczyciel).<\/p>\n<p><a href=\"http:\/\/www.zs.pilchowice.pl\/wp-content\/uploads\/2012\/09\/armenia_baner.jpg\"><img decoding=\"async\" loading=\"lazy\" class=\"alignleft size-full wp-image-1558\" src=\"http:\/\/www.zs.pilchowice.pl\/wp-content\/uploads\/2012\/09\/armenia_baner.jpg\" alt=\"armenia_baner\" width=\"1000\" height=\"486\" srcset=\"https:\/\/zs.pilchowice.pl\/wp-content\/uploads\/2012\/09\/armenia_baner.jpg 1000w, https:\/\/zs.pilchowice.pl\/wp-content\/uploads\/2012\/09\/armenia_baner-300x145.jpg 300w, https:\/\/zs.pilchowice.pl\/wp-content\/uploads\/2012\/09\/armenia_baner-500x243.jpg 500w\" sizes=\"(max-width: 1000px) 100vw, 1000px\" \/><\/a><\/p>\n<p><iframe loading=\"lazy\" src=\"\/\/www.youtube.com\/embed\/eNnsuFmJrrg\" width=\"560\" height=\"315\" frameborder=\"0\" allowfullscreen=\"allowfullscreen\"><\/iframe><\/p>\n<p><iframe loading=\"lazy\" src=\"\/\/www.youtube.com\/embed\/i_ichaM095M\" width=\"560\" height=\"315\" frameborder=\"0\" allowfullscreen=\"allowfullscreen\"><\/iframe><\/p>\n<p><iframe loading=\"lazy\" src=\"\/\/www.youtube.com\/embed\/MtqReBTubbU\" width=\"560\" height=\"315\" frameborder=\"0\" allowfullscreen=\"allowfullscreen\"><\/iframe><\/p>\n<table style=\"width: 194px;\">\n<tbody>\n<tr>\n<td style=\"height: 194px; background: url('https:\/\/www.gstatic.com\/pwa\/s\/v\/lighthousefe_140.01\/transparent_album_background.gif') no-repeat left;\" align=\"center\"><a href=\"https:\/\/picasaweb.google.com\/100487801866119661217\/SzkolnaEkspedycjaVArmeniaOdprawa?authuser=0&amp;feat=embedwebsite\"><img decoding=\"async\" loading=\"lazy\" style=\"margin: 1px 0 0 4px;\" src=\"https:\/\/lh4.googleusercontent.com\/-BjTPxb70sXo\/Um6fnrHkRSE\/AAAAAAAADyE\/2g-K4BC4_6E\/s160-c\/SzkolnaEkspedycjaVArmeniaOdprawa.jpg\" alt=\"\" width=\"160\" height=\"160\" \/><\/a><\/td>\n<\/tr>\n<tr>\n<td style=\"text-align: center; font-family: arial,sans-serif; font-size: 11px;\"><a style=\"color: #4d4d4d; font-weight: bold; text-decoration: none;\" href=\"https:\/\/picasaweb.google.com\/100487801866119661217\/SzkolnaEkspedycjaVArmeniaOdprawa?authuser=0&amp;feat=embedwebsite\">Szkolna Ekspedycja V &#8211; Armenia &#8211; odprawa<\/a><\/td>\n<\/tr>\n<\/tbody>\n<\/table>\n<table style=\"width: 194px;\">\n<tbody>\n<tr>\n<td style=\"height: 194px; background: url('https:\/\/www.gstatic.com\/pwa\/s\/v\/lighthousefe_140.01\/transparent_album_background.gif') no-repeat left;\" align=\"center\"><a href=\"https:\/\/picasaweb.google.com\/100487801866119661217\/SzkolnaEkspedycjaVArmenia2013?authuser=0&amp;feat=embedwebsite\"><img decoding=\"async\" loading=\"lazy\" style=\"margin: 1px 0 0 4px;\" src=\"https:\/\/lh4.googleusercontent.com\/-If_I_PVzn90\/Um6fzi6gn6E\/AAAAAAAAEkk\/XdH6X4p2YdQ\/s160-c\/SzkolnaEkspedycjaVArmenia2013.jpg\" alt=\"\" width=\"160\" height=\"160\" \/><\/a><\/td>\n<\/tr>\n<tr>\n<td style=\"text-align: center; font-family: arial,sans-serif; font-size: 11px;\"><a style=\"color: #4d4d4d; font-weight: bold; text-decoration: none;\" href=\"https:\/\/picasaweb.google.com\/100487801866119661217\/SzkolnaEkspedycjaVArmenia2013?authuser=0&amp;feat=embedwebsite\">Szkolna Ekspedycja V &#8211; Armenia 2013<\/a><\/td>\n<\/tr>\n<\/tbody>\n<\/table>\n<table style=\"width: 194px;\">\n<tbody>\n<tr>\n<td style=\"height: 194px; background: url('https:\/\/www.gstatic.com\/pwa\/s\/v\/lighthousefe_140.01\/transparent_album_background.gif') no-repeat left;\" align=\"center\"><a href=\"https:\/\/picasaweb.google.com\/100487801866119661217\/SE_Armenia_2013_podsumowanie?authuser=0&amp;feat=embedwebsite\"><img decoding=\"async\" loading=\"lazy\" style=\"margin: 1px 0 0 4px;\" src=\"https:\/\/lh5.googleusercontent.com\/-GIamy2XFmVo\/Um6b4r3FheE\/AAAAAAAADvU\/pOimd9IBoRk\/s160-c\/SE_Armenia_2013_podsumowanie.jpg\" alt=\"\" width=\"160\" height=\"160\" \/><\/a><\/td>\n<\/tr>\n<tr>\n<td style=\"text-align: center; font-family: arial,sans-serif; font-size: 11px;\"><a style=\"color: #4d4d4d; font-weight: bold; text-decoration: none;\" href=\"https:\/\/picasaweb.google.com\/100487801866119661217\/SE_Armenia_2013_podsumowanie?authuser=0&amp;feat=embedwebsite\">SE_Armenia_2013_podsumowanie<\/a><\/td>\n<\/tr>\n<\/tbody>\n<\/table>\n<p align=\"JUSTIFY\"><strong>Szkolna Ekspedycja VI Pilchowice \u2013 Sahara Zachodnia<\/strong><\/p>\n<p>Termin: 18.01 &#8211; 01.02.2014 r.<\/p>\n<p>Nasz sk\u0142ad: Patrycja Honysz, Magdalena Zacherniak, Karolina Wieczorke, Krzysztof Zacherniak, Szymon Staro\u015bcik oraz Krzysztof Krzto\u0144 (opiekun) i Adam Ziaja (nauczyciel).<\/p>\n<p><a href=\"http:\/\/www.zs.pilchowice.pl\/wp-content\/uploads\/2014\/01\/baner_sahara.jpg\"><img decoding=\"async\" loading=\"lazy\" class=\"alignleft size-large wp-image-1957\" src=\"http:\/\/www.zs.pilchowice.pl\/wp-content\/uploads\/2014\/01\/baner_sahara-1024x314.jpg\" alt=\"baner_sahara\" width=\"584\" height=\"179\" srcset=\"https:\/\/zs.pilchowice.pl\/wp-content\/uploads\/2014\/01\/baner_sahara-1024x314.jpg 1024w, https:\/\/zs.pilchowice.pl\/wp-content\/uploads\/2014\/01\/baner_sahara-300x92.jpg 300w, https:\/\/zs.pilchowice.pl\/wp-content\/uploads\/2014\/01\/baner_sahara-500x153.jpg 500w\" sizes=\"(max-width: 584px) 100vw, 584px\" \/><\/a><\/p>\n<p><iframe loading=\"lazy\" src=\"\/\/www.youtube.com\/embed\/Jii9tPypDFc\" width=\"560\" height=\"315\" frameborder=\"0\" allowfullscreen=\"allowfullscreen\"><\/iframe><\/p>\n<p><iframe loading=\"lazy\" src=\"\/\/www.youtube.com\/embed\/8ixaZOVqMQA\" width=\"560\" height=\"315\" frameborder=\"0\" allowfullscreen=\"allowfullscreen\"><\/iframe><\/p>\n<p align=\"JUSTIFY\"><strong>Szkolna Ekspedycja VII Pilchowice \u2013 Indie<\/strong><\/p>\n<p>Termin: 24.06 \u2013 15.07.2014 r.<\/p>\n<p>Nasz sk\u0142ad: Patrycja Honysz, Karolina Wieczorke, Justyna Reginek, Izabela Foit, Izabella Knorr, Wiktoria Szymura, Karol Reginek, Arkadiusz Grot oraz Krzysztof Krzto\u0144 (opiekun) i Adam Ziaja (nauczyciel).<\/p>\n<p><a href=\"http:\/\/www.zs.pilchowice.pl\/wp-content\/uploads\/2012\/09\/baner_2000.jpg\"><img decoding=\"async\" loading=\"lazy\" class=\"alignleft size-large wp-image-2429\" src=\"http:\/\/www.zs.pilchowice.pl\/wp-content\/uploads\/2012\/09\/baner_2000-1024x293.jpg\" alt=\"baner_2000\" width=\"584\" height=\"167\" srcset=\"https:\/\/zs.pilchowice.pl\/wp-content\/uploads\/2012\/09\/baner_2000-1024x293.jpg 1024w, https:\/\/zs.pilchowice.pl\/wp-content\/uploads\/2012\/09\/baner_2000-300x86.jpg 300w, https:\/\/zs.pilchowice.pl\/wp-content\/uploads\/2012\/09\/baner_2000-1000x288.jpg 1000w, https:\/\/zs.pilchowice.pl\/wp-content\/uploads\/2012\/09\/baner_2000-500x143.jpg 500w, https:\/\/zs.pilchowice.pl\/wp-content\/uploads\/2012\/09\/baner_2000.jpg 2000w\" sizes=\"(max-width: 584px) 100vw, 584px\" \/><\/a><br \/>\n<iframe loading=\"lazy\" src=\"\/\/www.youtube.com\/embed\/_NRxDsYNOgc\" width=\"560\" height=\"315\" frameborder=\"0\" allowfullscreen=\"allowfullscreen\"><\/iframe><br \/>\n<iframe loading=\"lazy\" src=\"\/\/www.youtube.com\/embed\/xWULtkNJc5o\" width=\"560\" height=\"315\" frameborder=\"0\" allowfullscreen=\"allowfullscreen\"><\/iframe><\/p>\n<p align=\"JUSTIFY\"><strong>Szkolna Ekspedycja VIII Pilchowice \u2013\u00a0Turcja<\/strong><\/p>\n<p>Termin: 01-15.02.2015 r.<\/p>\n<p>Nasz sk\u0142ad: Patrycja Honysz, Zofia M\u0142otkowska, Liwia Szafruga, Magdalena Hrynyszyn, Szymon Staro\u015bcik oraz Krzysztof Krzto\u0144 (opiekun) i Adam Ziaja (nauczyciel).<\/p>\n<p><a href=\"http:\/\/www.zs.pilchowice.pl\/wp-content\/uploads\/2012\/09\/turcja_facebook.jpg\"><img decoding=\"async\" loading=\"lazy\" class=\"alignleft size-large wp-image-2641\" src=\"http:\/\/www.zs.pilchowice.pl\/wp-content\/uploads\/2012\/09\/turcja_facebook-1024x314.jpg\" alt=\"turcja_facebook\" width=\"584\" height=\"179\" srcset=\"https:\/\/zs.pilchowice.pl\/wp-content\/uploads\/2012\/09\/turcja_facebook-1024x314.jpg 1024w, https:\/\/zs.pilchowice.pl\/wp-content\/uploads\/2012\/09\/turcja_facebook-300x92.jpg 300w, https:\/\/zs.pilchowice.pl\/wp-content\/uploads\/2012\/09\/turcja_facebook-500x153.jpg 500w\" sizes=\"(max-width: 584px) 100vw, 584px\" \/><\/a><\/p>\n","protected":false},"excerpt":{"rendered":"<p>Informacje Nadlatujemy!\u00a0 Uczniowie z Gminy Pilchowice ! CARPE DIEM Opis Jak najkr\u00f3cej opisa\u0107 to, czego chcemy dokona\u0107? Ot\u00f3\u017c, za cel obrali\u015bmy sobie promowanie w\u015br\u00f3d naszych r\u00f3wie\u015bnik\u00f3w turystyki backpackingowej &#8211; formy indywidualnej turystyki wyjazdowej, polegaj\u0105cej na odbywaniu podr\u00f3\u017cy, zazwyczaj zagranicznych, cz\u0119sto &hellip; <a href=\"https:\/\/zs.pilchowice.pl\/?page_id=144\">Czytaj dalej <span class=\"meta-nav\">&rarr;<\/span><\/a><\/p>\n","protected":false},"author":4,"featured_media":0,"parent":0,"menu_order":10,"comment_status":"closed","ping_status":"closed","template":"","meta":[],"_links":{"self":[{"href":"https:\/\/zs.pilchowice.pl\/index.php?rest_route=\/wp\/v2\/pages\/144"}],"collection":[{"href":"https:\/\/zs.pilchowice.pl\/index.php?rest_route=\/wp\/v2\/pages"}],"about":[{"href":"https:\/\/zs.pilchowice.pl\/index.php?rest_route=\/wp\/v2\/types\/page"}],"author":[{"embeddable":true,"href":"https:\/\/zs.pilchowice.pl\/index.php?rest_route=\/wp\/v2\/users\/4"}],"replies":[{"embeddable":true,"href":"https:\/\/zs.pilchowice.pl\/index.php?rest_route=%2Fwp%2Fv2%2Fcomments&post=144"}],"version-history":[{"count":41,"href":"https:\/\/zs.pilchowice.pl\/index.php?rest_route=\/wp\/v2\/pages\/144\/revisions"}],"predecessor-version":[{"id":2642,"href":"https:\/\/zs.pilchowice.pl\/index.php?rest_route=\/wp\/v2\/pages\/144\/revisions\/2642"}],"wp:attachment":[{"href":"https:\/\/zs.pilchowice.pl\/index.php?rest_route=%2Fwp%2Fv2%2Fmedia&parent=144"}],"curies":[{"name":"wp","href":"https:\/\/api.w.org\/{rel}","templated":true}]}}