{"id":204,"date":"2012-09-24T17:39:52","date_gmt":"2012-09-24T15:39:52","guid":{"rendered":"http:\/\/www.zs.pilchowice.pl\/?page_id=204"},"modified":"2025-09-28T21:29:09","modified_gmt":"2025-09-28T19:29:09","slug":"plan-pracy-pedagoga","status":"publish","type":"page","link":"https:\/\/zs.pilchowice.pl\/?page_id=204","title":{"rendered":"Plan Pracy Pedagoga"},"content":{"rendered":"<p class=\"western\" align=\"center\"><strong>GODZINY PRACY PEDAGOGA SZKOLNEGO<\/strong><\/p>\n<p class=\"western\" align=\"center\">mgr Aleksandra Piechowicz<\/p>\n<table width=\"606\" cellspacing=\"0\" cellpadding=\"7\">\n<tbody>\n<tr valign=\"top\">\n<td width=\"93\">\n<p class=\"western\" align=\"center\"><b>Poniedzia\u0142ek<\/b><\/p>\n<\/td>\n<td width=\"132\">\n<p class=\"western\" align=\"center\"><b>Wtorek<\/b><\/p>\n<\/td>\n<td width=\"115\">\n<p class=\"western\" align=\"center\"><b>\u015aroda<\/b><\/p>\n<\/td>\n<td width=\"107\">\n<p class=\"western\" align=\"center\"><b>Czwartek<\/b><\/p>\n<\/td>\n<td bgcolor=\"#ffffff\" width=\"89\">\n<p class=\"western\" align=\"center\"><b>Pi\u0105tek<\/b><\/p>\n<\/td>\n<\/tr>\n<tr valign=\"top\">\n<td width=\"93\">\n<p class=\"western\" align=\"center\"><span style=\"color: #000000;\"><b>08.00-08.45<\/b><\/span><\/p>\n<\/td>\n<td width=\"132\">\n<p class=\"western\" align=\"center\"><span style=\"color: #000000;\"><b>10.55-12.45<\/b><\/span><\/p>\n<\/td>\n<td width=\"115\">\n<p class=\"western\" align=\"center\"><span style=\"color: #000000;\"><b>08.45-08.55<\/b><\/span><\/p>\n<\/td>\n<td width=\"107\">\n<p class=\"western\" align=\"center\"><span style=\"color: #000000;\"><b>07.00-07.45<\/b><\/span><\/p>\n<\/td>\n<td bgcolor=\"#ffffff\" width=\"89\">\n<p class=\"western\" align=\"center\"><span style=\"color: #000000;\"><b>07.10-09.50<\/b><\/span><\/p>\n<\/td>\n<\/tr>\n<tr valign=\"top\">\n<td width=\"93\">\n<p class=\"western\" align=\"center\"><span style=\"color: #000000;\"><b>08.55-12.30<\/b><\/span><\/p>\n<\/td>\n<td width=\"132\">\n<p class=\"western\" align=\"center\"><span style=\"color: #000000;\"><b>14.20-14.25<\/b><\/span><\/p>\n<\/td>\n<td width=\"115\">\n<p class=\"western\" align=\"center\"><b>09.40-09.50<\/b><\/p>\n<\/td>\n<td width=\"107\">\n<p class=\"western\" align=\"center\"><span style=\"color: #000000;\"><b>08.55-10.45<\/b><\/span><\/p>\n<\/td>\n<td bgcolor=\"#ffffff\" width=\"89\">\n<p class=\"western\" align=\"center\"><span style=\"color: #000000;\"><span style=\"font-size: small;\"><b>11.30-11.45<\/b><\/span><\/span><\/p>\n<\/td>\n<\/tr>\n<tr valign=\"top\">\n<td width=\"93\">\n<p class=\"western\" align=\"center\"><b>13.30-13.35<\/b><\/p>\n<\/td>\n<td width=\"132\"><\/td>\n<td width=\"115\">\n<p class=\"western\" align=\"center\"><span style=\"color: #000000;\"><b>10.45-12.30<\/b><\/span><\/p>\n<\/td>\n<td width=\"107\"><\/td>\n<td bgcolor=\"#ffffff\" width=\"89\"><\/td>\n<\/tr>\n<tr valign=\"top\">\n<td width=\"93\">\n<p class=\"western\" align=\"center\"><b>14.20-14.25<\/b><\/p>\n<\/td>\n<td width=\"132\"><\/td>\n<td width=\"115\"><\/td>\n<td width=\"107\"><\/td>\n<td bgcolor=\"#ffffff\" width=\"89\"><\/td>\n<\/tr>\n<tr valign=\"top\">\n<td width=\"93\"><\/td>\n<td width=\"132\"><\/td>\n<td width=\"115\"><\/td>\n<td width=\"107\"><\/td>\n<td bgcolor=\"#ffffff\" width=\"89\"><\/td>\n<\/tr>\n<\/tbody>\n<\/table>\n<p class=\"western\"><b>Indywidualne konsultacje z rodzicami \u2013 godzina do ustalenia na bie\u017c\u0105co.<\/b><\/p>\n<p>&nbsp;<\/p>\n<dl>\n<dd>\n<dl><\/dl>\n<\/dd>\n<\/dl>\n<p align=\"CENTER\"><strong>GODZINY PRACY PEDAGOGA SZKOLNEGO<\/strong><\/p>\n<p align=\"CENTER\">mgr Daniel Czempiel:<\/p>\n<table width=\"948\" cellspacing=\"0\" cellpadding=\"7\">\n<tbody>\n<tr valign=\"top\">\n<td width=\"219\">\n<p align=\"center\"><span style=\"font-size: medium;\"><span style=\"font-family: Arial, serif;\">PONIEDZIA\u0141EK<\/span><\/span><\/p>\n<\/td>\n<td width=\"118\">\n<p align=\"center\"><span style=\"font-size: medium;\"><span style=\"font-family: Arial, serif;\">WTOREK<\/span><\/span><\/p>\n<\/td>\n<td width=\"194\">\n<p align=\"center\"><span style=\"font-size: medium;\"><span style=\"font-family: Arial, serif;\">\u015aRODA<\/span><\/span><\/p>\n<\/td>\n<td width=\"184\">\n<p align=\"center\"><span style=\"font-size: medium;\"><span style=\"font-family: Arial, serif;\">CZWARTEK<\/span><\/span><\/p>\n<\/td>\n<td width=\"161\">\n<p align=\"center\"><span style=\"font-size: medium;\"><span style=\"font-family: Arial, serif;\">PI\u0104TEK<\/span><\/span><\/p>\n<\/td>\n<\/tr>\n<tr valign=\"top\">\n<td width=\"219\">\n<p align=\"center\"><span style=\"font-size: medium;\"><span style=\"font-family: Arial, serif;\">08:00 \u2013 09:50<\/span><\/span><\/p>\n<p align=\"center\">12:30 &#8211; 14:25<\/p>\n<p align=\"center\">\n<\/td>\n<td width=\"118\">\n<p align=\"center\">\n<\/td>\n<td width=\"194\">\n<p align=\"center\">9:40 &#8211; 10:45<\/p>\n<p align=\"center\">12:30 &#8211; 13:30<\/p>\n<\/td>\n<td width=\"184\">\n<p align=\"center\">\n<\/td>\n<td width=\"161\">\n<p align=\"center\"><span style=\"font-size: medium;\"><span style=\"font-family: Arial, serif;\">10:30 \u2013 11:40<\/span><\/span><\/p>\n<p align=\"center\"><span style=\"font-size: medium;\"><span style=\"font-family: Arial, serif;\">12:30 \u2013 13:30<\/span><\/span><\/p>\n<\/td>\n<\/tr>\n<\/tbody>\n<\/table>\n","protected":false},"excerpt":{"rendered":"<p>GODZINY PRACY PEDAGOGA SZKOLNEGO mgr Aleksandra Piechowicz Poniedzia\u0142ek Wtorek \u015aroda Czwartek Pi\u0105tek 08.00-08.45 10.55-12.45 08.45-08.55 07.00-07.45 07.10-09.50 08.55-12.30 14.20-14.25 09.40-09.50 08.55-10.45 11.30-11.45 13.30-13.35 10.45-12.30 14.20-14.25 Indywidualne konsultacje z rodzicami \u2013 godzina do ustalenia na bie\u017c\u0105co. &nbsp; GODZINY PRACY PEDAGOGA SZKOLNEGO &hellip; <a href=\"https:\/\/zs.pilchowice.pl\/?page_id=204\">Czytaj dalej <span class=\"meta-nav\">&rarr;<\/span><\/a><\/p>\n","protected":false},"author":4,"featured_media":0,"parent":0,"menu_order":3,"comment_status":"open","ping_status":"closed","template":"","meta":[],"_links":{"self":[{"href":"https:\/\/zs.pilchowice.pl\/index.php?rest_route=\/wp\/v2\/pages\/204"}],"collection":[{"href":"https:\/\/zs.pilchowice.pl\/index.php?rest_route=\/wp\/v2\/pages"}],"about":[{"href":"https:\/\/zs.pilchowice.pl\/index.php?rest_route=\/wp\/v2\/types\/page"}],"author":[{"embeddable":true,"href":"https:\/\/zs.pilchowice.pl\/index.php?rest_route=\/wp\/v2\/users\/4"}],"replies":[{"embeddable":true,"href":"https:\/\/zs.pilchowice.pl\/index.php?rest_route=%2Fwp%2Fv2%2Fcomments&post=204"}],"version-history":[{"count":44,"href":"https:\/\/zs.pilchowice.pl\/index.php?rest_route=\/wp\/v2\/pages\/204\/revisions"}],"predecessor-version":[{"id":7620,"href":"https:\/\/zs.pilchowice.pl\/index.php?rest_route=\/wp\/v2\/pages\/204\/revisions\/7620"}],"wp:attachment":[{"href":"https:\/\/zs.pilchowice.pl\/index.php?rest_route=%2Fwp%2Fv2%2Fmedia&parent=204"}],"curies":[{"name":"wp","href":"https:\/\/api.w.org\/{rel}","templated":true}]}}