{"id":360,"date":"2012-09-26T09:30:45","date_gmt":"2012-09-26T07:30:45","guid":{"rendered":"http:\/\/www.zs.pilchowice.pl\/?page_id=360"},"modified":"2026-01-21T10:49:06","modified_gmt":"2026-01-21T09:49:06","slug":"grono-pedagogiczne","status":"publish","type":"page","link":"https:\/\/zs.pilchowice.pl\/?page_id=360","title":{"rendered":"Grono Pedagogiczne"},"content":{"rendered":"<p>&nbsp;<\/p>\n<ul>\n<li><span style=\"color: #373737;\"><span style=\"font-family: inherit, serif;\"><span style=\"font-size: large;\">Kwiotek \u0141ukasz \u2013 dyrektor, wychowanie fizyczne<\/span><\/span><\/span><\/li>\n<li><span style=\"color: #373737;\"><span style=\"font-family: inherit, serif;\"><span style=\"font-size: large;\">Lotkowska Agnieszka- wicedyrektor, edukacja wczesnoszkolna, geografia<\/span><\/span><\/span><\/li>\n<li><span style=\"color: #373737;\"><span style=\"font-family: inherit, serif;\"><span style=\"font-size: large;\">Szmit Ma\u0142gorzata \u2013 wicedyrektor, zintegrowana edukacja wczesnoszkolna i wychowanie przedszkolne, doradztwo zawodowe i personalne, logopedia, pedagogika, pedagogika opieku\u0144czo \u2013 wychowawcza<\/span><\/span><\/span><\/li>\n<\/ul>\n<ul>\n<li><span style=\"color: #373737;\"><span style=\"font-family: inherit, serif;\"><span style=\"font-size: large;\">Anto\u0144czyk Izabela \u2013 j. angielski, edukacja i rewalidacja os\u00f3b z autyzmem i Zespo\u0142em Aspergera<\/span><\/span><\/span><\/li>\n<li><span style=\"font-family: inherit, serif;\"><span style=\"font-size: large;\">Bartlik Aleksander \u2013 religia, edukacja dla bezpiecze\u0144stwa, wychowanie fizyczne<\/span><\/span><\/li>\n<li><span style=\"font-family: inherit, serif;\"><span style=\"font-size: large;\">Beata Goik \u2013 religia, edukacja zdrowotna<\/span><\/span><\/li>\n<li><span style=\"font-family: inherit, serif;\"><span style=\"font-size: large;\">Bernacisko Maria \u2013 j. niemiecki, edukacja wczesnoszkolna<\/span><\/span><\/li>\n<li><span style=\"font-family: inherit, serif;\"><span style=\"font-size: large;\">Czempiel Daniel -wychowanie fizyczne, pedagog<\/span><\/span><\/li>\n<li><span style=\"font-family: inherit, serif;\"><span style=\"font-size: large;\">Capparelli Justyna &#8211; nauczyciel wspomagaj\u0105cy<\/span><\/span><\/li>\n<li><span style=\"font-family: inherit, serif;\"><span style=\"font-size: large;\">Dwornik Barbara \u2013 religia,\u00a0edukacja wczesnoszkolna, bibloteka<\/span><\/span><\/li>\n<li><span style=\"font-family: inherit, serif;\"><span style=\"font-size: large;\">Fisior Hanna \u2013 edukacja wczesnoszkolna i przedszkolna, terapia i diagnoza pedagogiczna, oligofrenopedagogika \u2013 edukacja i rewalidacja z niepe\u0142nosprawno\u015bci\u0105 intelektualn\u0105<\/span><\/span><\/li>\n<li><span style=\"font-family: inherit, serif;\"><span style=\"font-size: large;\">Gawlik Katarzyna- biblioteka, chemia, matematyka<\/span><\/span><\/li>\n<li><span style=\"font-family: inherit, serif;\"><span style=\"font-size: large;\">G\u0142ombica Mateusz \u2013 matematyka, oligofrenopedagogika, edukacja, terapia i wspomaganie os\u00f3b z zaburzeniami ze spektrum Autyzmu<\/span><\/span><\/li>\n<li><span style=\"font-family: inherit, serif;\"><span style=\"font-size: large;\">Grabania Iwona \u2013 chemia, przyroda<\/span><\/span><\/li>\n<li><span style=\"font-family: inherit, serif;\"><span style=\"font-size: large;\">Grabiec Karolina \u2013 wychowanie fizyczne, oligofrenopedagogika, surdopedagogika, terapia pedagogiczna<\/span><\/span><\/li>\n<li><span style=\"font-family: inherit, serif;\"><span style=\"font-size: large;\">Gruchacz Rados\u0142aw \u2013 nauczyciel wsp\u00f3\u0142organizuj\u0105cy kszta\u0142cenie specjalne<\/span><\/span><\/li>\n<li><span style=\"font-family: inherit, serif;\"><span style=\"font-size: large;\">Janota Julia \u2013 edukacja wczesnoszkolna, j. angielski<\/span><\/span><\/li>\n<li><span style=\"font-family: inherit, serif;\"><span style=\"font-size: large;\">Janota Magdalena \u2013 edukacja wczesnoszkolna<\/span><\/span><\/li>\n<li><span style=\"font-family: inherit, serif;\"><span style=\"font-size: large;\">Kaba\u0142a Ma\u0142gorzata \u2013 matematyka, fizyka<\/span><\/span><\/li>\n<li><span style=\"font-family: inherit, serif;\"><span style=\"font-size: large;\">Klaja Marcelina \u2013 edukacja wczesnoszkolna zintegrowana z pedagogik\u0105 przedszkoln\u0105 i logopedi\u0105, zarz\u0105dzanie o\u015bwiat\u0105<\/span><\/span><\/li>\n<li><span style=\"font-family: inherit, serif;\"><span style=\"font-size: large;\">Konicka Katarzyna \u2013 zintegrowana edukacja wczesnoszkolna i wychowanie przedszkolne z dodatkow\u0105 specjalno\u015bci\u0105 j\u0119zyk angielski<\/span><\/span><\/li>\n<li><span style=\"font-family: inherit, serif;\"><span style=\"font-size: large;\">Kopernik Patrycja \u2013 edukacja wczesnoszkolna, pedagogika specjalna, matematyka<\/span><\/span><\/li>\n<li><span style=\"font-family: inherit, serif;\"><span style=\"font-size: large;\">Kowalczyk Joanna \u2013 muzyka, plastyka<\/span><\/span><\/li>\n<li><span style=\"font-family: inherit, serif;\"><span style=\"font-size: large;\">Kozubek Justyna \u2013 j. angielski <\/span><\/span><\/li>\n<li><span style=\"font-family: inherit, serif;\"><span style=\"font-size: large;\">Ks. Go\u0142ek Dariusz \u2013 religia<\/span><\/span><\/li>\n<li><span style=\"font-family: inherit, serif;\"><span style=\"font-size: large;\">Lachowicz Barbara \u2013 edukacja wczesnoszkolna<\/span><\/span><\/li>\n<li><span style=\"font-family: inherit, serif;\"><span style=\"font-size: large;\">Liszka Wiktoria \u2013 nauczyciel wsp\u00f3\u0142organizuj\u0105cy kszta\u0142cenie specjalne<\/span><\/span><\/li>\n<li><span style=\"font-family: inherit, serif;\"><span style=\"font-size: large;\">\u0141okaj Patrycja \u2013 edukacja wczesnoszkolna i przedszkolna, terapia pedagogiczna, wczesne i ca\u0142o\u017cyciowe wspomaganie rozwoju i edukacji oraz rewalidacja uczni\u00f3w z autyzmem i zespo\u0142em Aspergera<\/span><\/span><\/li>\n<li><span style=\"font-family: inherit, serif;\"><span style=\"font-size: large;\">Madeja Ewa \u2013 technika, logopeda, edukacja wczesnoszkolna<\/span><\/span><\/li>\n<li><span style=\"font-family: inherit, serif;\"><span style=\"font-size: large;\">Magiera Bo\u017cena- historia, wiedza o regionie<\/span><\/span><\/li>\n<li><span style=\"font-family: inherit, serif;\"><span style=\"font-size: large;\">Markowicz Piotr- wychowanie fizyczne <\/span><\/span><\/li>\n<li><span style=\"font-family: inherit, serif;\"><span style=\"font-size: large;\">Modelska Ma\u0142gorzata \u2013 pedagog, nauczyciel wsp\u00f3\u0142organizuj\u0105cy kszta\u0142cenie specjalne<\/span><\/span><\/li>\n<li><span style=\"font-family: inherit, serif;\"><span style=\"font-size: large;\">Ochman Karolina \u2013 edukacja wczesnoszkolna i przedszkolna<\/span><\/span><\/li>\n<li><span style=\"font-family: inherit, serif;\"><span style=\"font-size: large;\">Orzechowska Paulina \u2013 edukacja wczesnoszkolna, j.polski<\/span><\/span><\/li>\n<li><span style=\"font-family: inherit, serif;\"><span style=\"font-size: large;\">Paluch Maja \u2013 psycholog<\/span><\/span><\/li>\n<li><span style=\"font-family: inherit, serif;\"><span style=\"font-size: large;\">Piechowicz Aleksandra \u2013 pedagog, edukacja wczesnoszkolna, edukacja zdrowotna<\/span><\/span><\/li>\n<li><span style=\"font-family: inherit, serif;\"><span style=\"font-size: large;\">Rak Jolanta \u2013 j. polski<\/span><\/span><\/li>\n<li><span style=\"font-family: inherit, serif;\"><span style=\"font-size: large;\">Serafin Mariola \u2013 j. polski, edukacja i terapia os\u00f3b z zaburzeniami ze spektrum autyzmu, kultura j\u0119zyka, historia i spo\u0142ecze\u0144stwo, bibliotekoznawstwo.<\/span><\/span><\/li>\n<li><span style=\"font-family: inherit, serif;\"><span style=\"font-size: large;\">Suchara Jakub \u2013 religia, informatyka, biologia<\/span><\/span><\/li>\n<li><span style=\"font-family: inherit, serif;\"><span style=\"font-size: large;\">Suliga-Szynkowska Agnieszka \u2013 j.niemiecki<\/span><\/span><\/li>\n<li><span style=\"font-family: inherit, serif;\"><span style=\"font-size: large;\">Surdel Ma\u0142gorzata \u2013 j. niemiecki<\/span><\/span><\/li>\n<li><span style=\"font-family: inherit, serif;\"><span style=\"font-size: large;\">Szolc Martyna \u2013 nauczyciel wsp\u00f3\u0142organizuj\u0105cy kszta\u0142cenie specjalne <\/span><\/span><\/li>\n<li><span style=\"font-family: inherit, serif;\"><span style=\"font-size: large;\">Tiszbierek Zuzanna \u2013 pedagogika wczesnoszkolna i wychowanie przedszkolne, tyflopedagogika<\/span><\/span><\/li>\n<li><span style=\"font-family: inherit, serif;\"><span style=\"font-size: large;\">Traczewska Paulina \u2013 j.angielski, edukacja i rewalidacja os\u00f3b z autyzmem i Zespo\u0142em Aspergera<\/span><\/span><\/li>\n<li><span style=\"font-family: inherit, serif;\"><span style=\"font-size: large;\">Wadas Magdalena \u2013 zintegrowana edukacja wczesnoszkolna i wychowanie przedszkolne, kulturoznawstwo \u2013 kultura litewska, historia sztuki<\/span><\/span><\/li>\n<li><span style=\"font-family: inherit, serif;\"><span style=\"font-size: large;\">Wardzi\u0144ska Magdalena \u2013 wychowanie fizyczne, technika<\/span><\/span><\/li>\n<li><span style=\"font-family: inherit, serif;\"><span style=\"font-size: large;\">Wi\u0119c\u0142aw Janina \u2013 j. polski<\/span><\/span><\/li>\n<li><span style=\"font-family: inherit, serif;\"><span style=\"font-size: large;\">Ziaja Adam \u2013 geografia, turystyka, zarz\u0105dzanie o\u015bwiat\u0105<\/span><\/span><\/li>\n<li><a name=\"_GoBack\"><\/a> <span style=\"font-family: inherit, serif;\"><span style=\"font-size: large;\">Zielonka Agata \u2013 biologia, edukacja zdrowotna, wiedza o spo\u0142ecze\u0144stwie, edukacja i rewalidacja os\u00f3b z autyzmem i Zespo\u0142em Aspergera<\/span><\/span><\/li>\n<\/ul>\n","protected":false},"excerpt":{"rendered":"<p>&nbsp; Kwiotek \u0141ukasz \u2013 dyrektor, wychowanie fizyczne Lotkowska Agnieszka- wicedyrektor, edukacja wczesnoszkolna, geografia Szmit Ma\u0142gorzata \u2013 wicedyrektor, zintegrowana edukacja wczesnoszkolna i wychowanie przedszkolne, doradztwo zawodowe i personalne, logopedia, pedagogika, pedagogika opieku\u0144czo \u2013 wychowawcza Anto\u0144czyk Izabela \u2013 j. angielski, edukacja i &hellip; <a href=\"https:\/\/zs.pilchowice.pl\/?page_id=360\">Czytaj dalej <span class=\"meta-nav\">&rarr;<\/span><\/a><\/p>\n","protected":false},"author":4,"featured_media":0,"parent":0,"menu_order":0,"comment_status":"closed","ping_status":"open","template":"","meta":[],"_links":{"self":[{"href":"https:\/\/zs.pilchowice.pl\/index.php?rest_route=\/wp\/v2\/pages\/360"}],"collection":[{"href":"https:\/\/zs.pilchowice.pl\/index.php?rest_route=\/wp\/v2\/pages"}],"about":[{"href":"https:\/\/zs.pilchowice.pl\/index.php?rest_route=\/wp\/v2\/types\/page"}],"author":[{"embeddable":true,"href":"https:\/\/zs.pilchowice.pl\/index.php?rest_route=\/wp\/v2\/users\/4"}],"replies":[{"embeddable":true,"href":"https:\/\/zs.pilchowice.pl\/index.php?rest_route=%2Fwp%2Fv2%2Fcomments&post=360"}],"version-history":[{"count":35,"href":"https:\/\/zs.pilchowice.pl\/index.php?rest_route=\/wp\/v2\/pages\/360\/revisions"}],"predecessor-version":[{"id":7771,"href":"https:\/\/zs.pilchowice.pl\/index.php?rest_route=\/wp\/v2\/pages\/360\/revisions\/7771"}],"wp:attachment":[{"href":"https:\/\/zs.pilchowice.pl\/index.php?rest_route=%2Fwp%2Fv2%2Fmedia&parent=360"}],"curies":[{"name":"wp","href":"https:\/\/api.w.org\/{rel}","templated":true}]}}