{"id":362,"date":"2012-09-26T09:32:12","date_gmt":"2012-09-26T07:32:12","guid":{"rendered":"http:\/\/www.zs.pilchowice.pl\/?page_id=362"},"modified":"2026-01-21T10:49:44","modified_gmt":"2026-01-21T09:49:44","slug":"pracownicy-administracyjni-i-obslugi","status":"publish","type":"page","link":"https:\/\/zs.pilchowice.pl\/?page_id=362","title":{"rendered":"Pracownicy Administracyjni i Obs\u0142ugi"},"content":{"rendered":"<p><span style=\"color: #373737;\"><span style=\"font-family: inherit, serif;\"><span style=\"font-size: large;\">Pracownicy Administracji<\/span><\/span><\/span><\/p>\n<ol>\n<li><span style=\"color: #373737;\"><span style=\"font-family: inherit, serif;\"><span style=\"font-size: large;\">Zaremba Aneta \u2013 Sekretarka, kierownik gospodarczy<\/span><\/span><\/span><\/li>\n<li><span style=\"color: #373737;\"><span style=\"font-family: inherit, serif;\"><span style=\"font-size: large;\">Pokorny Gabriela \u2013 Sekretarka<\/span><\/span><\/span><\/li>\n<li><span style=\"color: #373737;\"><span style=\"font-family: inherit, serif;\"><span style=\"font-size: large;\">Piekorz Anna \u2013 Sekretarka<\/span><\/span><\/span><\/li>\n<li><span style=\"color: #373737;\"><span style=\"font-family: inherit, serif;\"><span style=\"font-size: large;\">Waluga Joanna \u2013 G\u0142\u00f3wna ksi\u0119gowa<\/span><\/span><\/span><\/li>\n<li><span style=\"color: #373737;\"><span style=\"font-family: inherit, serif;\"><span style=\"font-size: large;\">Garbocz Joanna \u2013 Intendent szkolny<\/span><\/span><\/span><\/li>\n<li><span style=\"color: #373737;\"><span style=\"font-family: inherit, serif;\"><span style=\"font-size: large;\">Niemiec Gra\u017cyna \u2013 Intendent przedszkolny<\/span><\/span><\/span><\/li>\n<\/ol>\n<p><span style=\"color: #373737;\"><span style=\"font-family: inherit, serif;\"><span style=\"font-size: large;\">Pracownicy Obs\u0142ugi<\/span><\/span><\/span><\/p>\n<ol>\n<li><a name=\"_GoBack\"><\/a> <span style=\"color: #373737;\"><span style=\"font-family: inherit, serif;\"><span style=\"font-size: large;\">Benek Danuta<\/span><\/span><\/span><\/li>\n<li><span style=\"color: #373737;\"><span style=\"font-family: inherit, serif;\"><span style=\"font-size: large;\">Bry\u0142ka Waldemar<\/span><\/span><\/span><\/li>\n<li><span style=\"color: #373737;\"><span style=\"font-family: inherit, serif;\"><span style=\"font-size: large;\">G\u00f3rska Bo\u017cena<\/span><\/span><\/span><\/li>\n<li><span style=\"color: #373737;\"><span style=\"font-family: inherit, serif;\"><span style=\"font-size: large;\">Grajcke Danuta<\/span><\/span><\/span><\/li>\n<li><span style=\"color: #373737;\"><span style=\"font-family: inherit, serif;\"><span style=\"font-size: large;\">Grzelak Beata<\/span><\/span><\/span><\/li>\n<li><span style=\"color: #373737;\"><span style=\"font-family: inherit, serif;\"><span style=\"font-size: large;\">Ilk\u00f3w Marzena<\/span><\/span><\/span><\/li>\n<li><span style=\"color: #373737;\"><span style=\"font-family: inherit, serif;\"><span style=\"font-size: large;\">Kaszek Beata<\/span><\/span><\/span><\/li>\n<li><span style=\"color: #373737;\"><span style=\"font-family: inherit, serif;\"><span style=\"font-size: large;\">Koper Marzena<\/span><\/span><\/span><\/li>\n<li><span style=\"color: #373737;\"><span style=\"font-family: inherit, serif;\"><span style=\"font-size: large;\">Korbel Mariusz<\/span><\/span><\/span><\/li>\n<li><span style=\"color: #373737;\"><span style=\"font-family: inherit, serif;\"><span style=\"font-size: large;\">Kulik Anna<\/span><\/span><\/span><\/li>\n<li><span style=\"color: #373737;\"><span style=\"font-family: inherit, serif;\"><span style=\"font-size: large;\">Kulik Ma\u0142gorzata<\/span><\/span><\/span><\/li>\n<li><span style=\"color: #373737;\"><span style=\"font-family: inherit, serif;\"><span style=\"font-size: large;\">Majewska Maryla<\/span><\/span><\/span><\/li>\n<li><span style=\"color: #373737;\"><span style=\"font-family: inherit, serif;\"><span style=\"font-size: large;\">Obczy\u0144ska Barbara<\/span><\/span><\/span><\/li>\n<li><span style=\"color: #373737;\"><span style=\"font-family: inherit, serif;\"><span style=\"font-size: large;\">Oleksza \u2013 Fry\u015b Iwona<\/span><\/span><\/span><\/li>\n<li><span style=\"font-family: inherit, serif;\"><span style=\"font-size: large;\">Paszek Martyna<\/span><\/span><\/li>\n<li><span style=\"color: #373737;\"><span style=\"font-family: inherit, serif;\"><span style=\"font-size: large;\">Piontek Urszula<\/span><\/span><\/span><\/li>\n<li><span style=\"color: #373737;\"><span style=\"font-family: inherit, serif;\"><span style=\"font-size: large;\">Sitek Ewa<\/span><\/span><\/span><\/li>\n<li><span style=\"color: #373737;\"><span style=\"font-family: inherit, serif;\"><span style=\"font-size: large;\">Sorowka Alina<\/span><\/span><\/span><\/li>\n<li><span style=\"color: #373737;\"><span style=\"font-family: inherit, serif;\"><span style=\"font-size: large;\">Swonke Izabela<\/span><\/span><\/span><\/li>\n<li><span style=\"color: #373737;\"><span style=\"font-family: inherit, serif;\"><span style=\"font-size: large;\">Szulc Gabriela<\/span><\/span><\/span><\/li>\n<\/ol>\n<p><span style=\"color: #373737;\">\u00a0<\/span><\/p>\n<p>&nbsp;<\/p>\n","protected":false},"excerpt":{"rendered":"<p>Pracownicy Administracji Zaremba Aneta \u2013 Sekretarka, kierownik gospodarczy Pokorny Gabriela \u2013 Sekretarka Piekorz Anna \u2013 Sekretarka Waluga Joanna \u2013 G\u0142\u00f3wna ksi\u0119gowa Garbocz Joanna \u2013 Intendent szkolny Niemiec Gra\u017cyna \u2013 Intendent przedszkolny Pracownicy Obs\u0142ugi Benek Danuta Bry\u0142ka Waldemar G\u00f3rska Bo\u017cena Grajcke &hellip; <a href=\"https:\/\/zs.pilchowice.pl\/?page_id=362\">Czytaj dalej <span class=\"meta-nav\">&rarr;<\/span><\/a><\/p>\n","protected":false},"author":4,"featured_media":0,"parent":0,"menu_order":0,"comment_status":"closed","ping_status":"closed","template":"","meta":[],"_links":{"self":[{"href":"https:\/\/zs.pilchowice.pl\/index.php?rest_route=\/wp\/v2\/pages\/362"}],"collection":[{"href":"https:\/\/zs.pilchowice.pl\/index.php?rest_route=\/wp\/v2\/pages"}],"about":[{"href":"https:\/\/zs.pilchowice.pl\/index.php?rest_route=\/wp\/v2\/types\/page"}],"author":[{"embeddable":true,"href":"https:\/\/zs.pilchowice.pl\/index.php?rest_route=\/wp\/v2\/users\/4"}],"replies":[{"embeddable":true,"href":"https:\/\/zs.pilchowice.pl\/index.php?rest_route=%2Fwp%2Fv2%2Fcomments&post=362"}],"version-history":[{"count":18,"href":"https:\/\/zs.pilchowice.pl\/index.php?rest_route=\/wp\/v2\/pages\/362\/revisions"}],"predecessor-version":[{"id":7772,"href":"https:\/\/zs.pilchowice.pl\/index.php?rest_route=\/wp\/v2\/pages\/362\/revisions\/7772"}],"wp:attachment":[{"href":"https:\/\/zs.pilchowice.pl\/index.php?rest_route=%2Fwp%2Fv2%2Fmedia&parent=362"}],"curies":[{"name":"wp","href":"https:\/\/api.w.org\/{rel}","templated":true}]}}