{"id":5008,"date":"2019-10-03T22:37:40","date_gmt":"2019-10-03T20:37:40","guid":{"rendered":"http:\/\/www.zs.pilchowice.pl\/?page_id=5008"},"modified":"2025-09-15T16:11:17","modified_gmt":"2025-09-15T14:11:17","slug":"projekt-unijny","status":"publish","type":"page","link":"https:\/\/zs.pilchowice.pl\/?page_id=5008","title":{"rendered":"Kolejny krok do przodu"},"content":{"rendered":"<p align=\"JUSTIFY\"><img decoding=\"async\" loading=\"lazy\" class=\"aligncenter size-full wp-image-5197\" src=\"http:\/\/www.zs.pilchowice.pl\/wp-content\/uploads\/2020\/02\/unia-loga.png\" alt=\"\" width=\"1298\" height=\"127\" srcset=\"https:\/\/zs.pilchowice.pl\/wp-content\/uploads\/2020\/02\/unia-loga.png 1298w, https:\/\/zs.pilchowice.pl\/wp-content\/uploads\/2020\/02\/unia-loga-300x29.png 300w, https:\/\/zs.pilchowice.pl\/wp-content\/uploads\/2020\/02\/unia-loga-768x75.png 768w, https:\/\/zs.pilchowice.pl\/wp-content\/uploads\/2020\/02\/unia-loga-1024x100.png 1024w, https:\/\/zs.pilchowice.pl\/wp-content\/uploads\/2020\/02\/unia-loga-500x49.png 500w\" sizes=\"(max-width: 1298px) 100vw, 1298px\" \/><\/p>\n<p align=\"CENTER\">\u201e<span style=\"font-family: Times New Roman, serif;\"><span style=\"font-size: x-large;\"><b>Kolejny krok do przodu w Zespole Szkolno-Przedszkolnym w\u00a0Pilchowicach\u201d<\/b><\/span><\/span><\/p>\n<p align=\"JUSTIFY\">Projekt wsp\u00f3\u0142finansowany ze \u015brodk\u00f3w Europejskiego Funduszu Spo\u0142ecznego w ramach Regionalnego Programu Operacyjnego Wojew\u00f3dztwa \u015al\u0105skiego na lata 2014-2020 \u2013 poddzia\u0142anie 11.1.4.<\/p>\n<p align=\"JUSTIFY\">Projekt edukacyjny realizowany w przez dwa lata szkolne (2019\/2020 i 2020\/2021), w ramach kt\u00f3rych odbywaj\u0105 si\u0119 zaj\u0119cia dodatkowe dla dzieci i m\u0142odzie\u017cy oraz szkolenia dla nauczycieli.<br \/>\nJego celem jest podniesienie efektywno\u015bci i atrakcyjno\u015bci oferty edukacyjnej \u015bwiadczonej w Zespole Szkolno-Przedszkolnym w Pilchowicach, w obszarze rozwijania w\u015br\u00f3d uczni\u00f3w kompetencji kluczowych, pokonywania niepowodze\u0144 szkolnych oraz rozw\u00f3j kompetencji zawodowych w\u015br\u00f3d nauczycieli.<\/p>\n<p align=\"JUSTIFY\">Warto\u015b\u0107 projektu: 237.015,00 z\u0142<br \/>\nDofinansowanie 213.313,50 z\u0142, w tym:<br \/>\nwk\u0142ad Funduszy Europejskich 201.462,75 z\u0142<br \/>\nwk\u0142ad z bud\u017cetu pa\u0144stwa 11.850,75 z\u0142<br \/>\nWk\u0142ad w\u0142asny Gminy: 23.701,50 z\u0142<\/p>\n<p align=\"JUSTIFY\"><strong>W ramach projektu przewidziano:<\/strong><br \/>\n&#8211; zaj\u0119cia z zakresu kszta\u0142towania i rozwijania u uczni\u00f3w kompetencji kluczowych<br \/>\nniezb\u0119dnych na rynku pracy oraz kreatywno\u015bci, innowacyjno\u015bci i pracy zespo\u0142owej.<br \/>\nW\u00a0ramach zadania uczniowie bior\u0105 udzia\u0142 w zaj\u0119ciach dydaktyczno-wyr\u00f3wnawczych<br \/>\nz matematyki, zaj\u0119ciach rozwijaj\u0105cych uzdolnienia matematyczno \u2013 przyrodnicze, zaj\u0119ciach k\u00f3\u0142ka matematycznego, k\u00f3\u0142ka informatycznego oraz zaj\u0119ciach rozwijaj\u0105cych umiej\u0119tno\u015bci j\u0119zykowe z angielskiego.<br \/>\n&#8211; zaj\u0119cia z zakresu realizacji kompleksowych program\u00f3w wspomagaj\u0105cych szko\u0142\u0119 w procesie indywidualizacji pracy z uczniem ze specjalnymi potrzebami edukacyjnymi oraz wsparcie ucznia m\u0142odszego.<\/p>\n<p align=\"JUSTIFY\">W ramach powy\u017cszego zadania uczniowie korzystaj\u0105 z nast\u0119puj\u0105cych formach wsparcia: zaj\u0119cia korekcyjno-kompensacyjne, zaj\u0119cia logopedyczne,.<br \/>\n&#8211; doskonalenie umiej\u0119tno\u015bci i kompetencji zawodowych nauczycieli poprzez uczestnictwo w\u00a0kursach i szkoleniach.<br \/>\n&#8211; doposa\u017cenie plac\u00f3wki w pomoce dydaktyczne oraz sprz\u0119t TIK.<\/p>\n<p align=\"JUSTIFY\">Okres realizacji projektu: 19.08.2019 r. \u2013 13.08.2021 r.<\/p>\n<p><a href=\"http:\/\/www.zs.pilchowice.pl\/wp-content\/uploads\/2020\/09\/REgulamin-Unia-2020-2021.docx\">Regulamin naboru i uczestnictwa w projekcie 2020-2021<\/a><\/p>\n<p><a href=\"http:\/\/www.zs.pilchowice.pl\/wp-content\/uploads\/2019\/10\/Regulamin-naboru-i-uczestnictwa-w-projekcie.docx\">Regulamin naboru i uczestnictwa w projekcie<\/a><\/p>\n<!-- WP Attachments -->\r\n        <div style=\"width:100%;margin:10px 0 10px 0;\">\r\n            <h3>Za\u0142\u0105czniki<\/h3>\r\n        <ul class=\"post-attachments\"><li class=\"post-attachment mime-application-vnd-openxmlformats-officedocument-wordprocessingml-document\"><a href=\"https:\/\/zs.pilchowice.pl\/wp-content\/uploads\/2020\/09\/REgulamin-Unia-2020-2021.docx\">Regulamin naboru i uczestnictwa w projekcie 2020-2021<\/a> <small>(116 kB)<\/small><\/li><li class=\"post-attachment mime-application-vnd-openxmlformats-officedocument-wordprocessingml-document\"><a href=\"https:\/\/zs.pilchowice.pl\/wp-content\/uploads\/2019\/10\/Regulamin-naboru-i-uczestnictwa-w-projekcie.docx\">Regulamin naboru i uczestnictwa w projekcie<\/a> <small>(114 kB)<\/small><\/li><\/ul><\/div>","protected":false},"excerpt":{"rendered":"<p>\u201eKolejny krok do przodu w Zespole Szkolno-Przedszkolnym w\u00a0Pilchowicach\u201d Projekt wsp\u00f3\u0142finansowany ze \u015brodk\u00f3w Europejskiego Funduszu Spo\u0142ecznego w ramach Regionalnego Programu Operacyjnego Wojew\u00f3dztwa \u015al\u0105skiego na lata 2014-2020 \u2013 poddzia\u0142anie 11.1.4. Projekt edukacyjny realizowany w przez dwa lata szkolne (2019\/2020 i 2020\/2021), w &hellip; <a href=\"https:\/\/zs.pilchowice.pl\/?page_id=5008\">Czytaj dalej <span class=\"meta-nav\">&rarr;<\/span><\/a><\/p>\n","protected":false},"author":4,"featured_media":0,"parent":0,"menu_order":0,"comment_status":"closed","ping_status":"closed","template":"","meta":[],"_links":{"self":[{"href":"https:\/\/zs.pilchowice.pl\/index.php?rest_route=\/wp\/v2\/pages\/5008"}],"collection":[{"href":"https:\/\/zs.pilchowice.pl\/index.php?rest_route=\/wp\/v2\/pages"}],"about":[{"href":"https:\/\/zs.pilchowice.pl\/index.php?rest_route=\/wp\/v2\/types\/page"}],"author":[{"embeddable":true,"href":"https:\/\/zs.pilchowice.pl\/index.php?rest_route=\/wp\/v2\/users\/4"}],"replies":[{"embeddable":true,"href":"https:\/\/zs.pilchowice.pl\/index.php?rest_route=%2Fwp%2Fv2%2Fcomments&post=5008"}],"version-history":[{"count":12,"href":"https:\/\/zs.pilchowice.pl\/index.php?rest_route=\/wp\/v2\/pages\/5008\/revisions"}],"predecessor-version":[{"id":7547,"href":"https:\/\/zs.pilchowice.pl\/index.php?rest_route=\/wp\/v2\/pages\/5008\/revisions\/7547"}],"wp:attachment":[{"href":"https:\/\/zs.pilchowice.pl\/index.php?rest_route=%2Fwp%2Fv2%2Fmedia&parent=5008"}],"curies":[{"name":"wp","href":"https:\/\/api.w.org\/{rel}","templated":true}]}}