{"id":5597,"date":"2021-04-12T16:33:24","date_gmt":"2021-04-12T14:33:24","guid":{"rendered":"http:\/\/www.zs.pilchowice.pl\/?page_id=5597"},"modified":"2026-03-13T11:24:25","modified_gmt":"2026-03-13T10:24:25","slug":"deklaracja-dostepnosci-strony-internetowej","status":"publish","type":"page","link":"https:\/\/zs.pilchowice.pl\/?page_id=5597","title":{"rendered":"Deklaracja dost\u0119pno\u015bci"},"content":{"rendered":"<p><strong>Dost\u0119pno\u015b\u0107 strony internetowej<\/strong><\/p>\n<p>Zesp\u00f3\u0142 Szkolno-Przedszkolny w Pilchowicach\u00a0zobowi\u0105zuje si\u0119 zapewni\u0107 dost\u0119pno\u015b\u0107 strony internetowej\u00a0<a href=\"http:\/\/zsti.bip2.gliwice.eu\/\">zs.pilchowice.pl<\/a>\u00a0zgodnie z ustaw\u0105 z dnia 4 kwietnia 2019 r.<br \/>\no dost\u0119pno\u015bci cyfrowej stron internetowych i aplikacji mobilnych podmiot\u00f3w publicznych. ( Dz.U. poz. 848 z p\u00f3\u017an. zm.).<\/p>\n<p>Data publikacji strony internetowej: 04.11.2016 roku<\/p>\n<p>Data ostatniej aktualizacji: 24.03.2022 roku<\/p>\n<p>Strona internetowa jest cz\u0119\u015bciowo zgodna z ustaw\u0105 o dost\u0119pno\u015bci cyfrowej stron internetowych i aplikacji mobilnych podmiot\u00f3w publicznych z powodu niezgodno\u015bci lub wy\u0142\u0105cze\u0144 wymienionych poni\u017cej.<\/p>\n<ul>\n<li>Filmy nie posiadaj\u0105 napis\u00f3w dla os\u00f3b g\u0142uchoniemych.<\/li>\n<li>Cz\u0119\u015b\u0107 plik\u00f3w (PDF, DOC itp.) nie jest dost\u0119pnych cyfrowo.<\/li>\n<li>Mog\u0105 si\u0119 zdarzy\u0107 sytuacje, w kt\u00f3rych linki b\u0119d\u0105 si\u0119 otwiera\u0142y w nowym oknie nie informuj\u0105c o tym u\u017cytkownika.<\/li>\n<li>Mog\u0105 si\u0119 zdarzy\u0107 sytuacje, w kt\u00f3rych tabele i nag\u0142\u00f3wki zosta\u0142y u\u017cyte w spos\u00f3b nieprawid\u0142owy lub nie zawieraj\u0105 w\u0142a\u015bciwej struktury.<\/li>\n<li>Cz\u0119\u015bciowo zdj\u0119cia mog\u0105 nie posiada\u0107 alternatywnych opis\u00f3w.<\/li>\n<\/ul>\n<p>Deklaracj\u0119 sporz\u0105dzono na podstawie samooceny przeprowadzonej przez podmiot publiczny.<\/p>\n<p>Na stronie internetowej zs.pilchowice.pl mo\u017cna korzysta\u0107 z menu dost\u0119pno\u015bci w postaci ikonki w lewym g\u00f3rnym rogu , m.in. gwarantuj\u0105cego dost\u0119p do nast\u0119puj\u0105cych udogodnie\u0144: zwi\u0119kszanie czcionki, zmian\u0119 kolor\u00f3w, dost\u0119pno\u015b\u0107 kursora, zwi\u0119kszanie odst\u0119p\u00f3w miedzy znakami i mi\u0119dzy liniami.<\/p>\n<p><strong>DOST\u0118PNO\u015a\u0106 ARCHITEKTONICZNA<\/strong><\/p>\n<p><strong>Budynek Szko\u0142y Podstawowej, ul. Szkolna 1, 44-145 Pilchowice<\/strong><\/p>\n<p>Dost\u0119pno\u015b\u0107 wej\u015bcia do budynku. Do budynku prowadz\u0105 2 wej\u015bcia:<\/p>\n<ul>\n<li>od ul. Szkolnej 1 \u2013 g\u0142\u00f3wne wej\u015bcie, do kt\u00f3rego prowadzi p\u0142aski teren z jednym schodem. Do budynku prowadz\u0105 drzwi dwuskrzyd\u0142owe o szeroko\u015bci 140 cm wyposa\u017cone w samozamykacz.<\/li>\n<li>Od ul. Szkolnej 1 \u2013 wej\u015bcie boczne, do kt\u00f3rego prowadzi p\u0142aski utwardzony teren z trzema schodami oraz podjazd dla w\u00f3zk\u00f3w. Do budynku prowadz\u0105 drzwi dwuskrzyd\u0142owe o szeroko\u015bci 140 cm wyposa\u017cone w samozamykacz, dost\u0119pne dla os\u00f3b z\u00a0ograniczeniem zdolno\u015bci ruchowej, os\u00f3b z w\u00f3zkami. Drzwi umo\u017cliwiaj\u0105 wjazd osoby na w\u00f3zku, z w\u00f3zkiem dzieci\u0119cym oraz z\u00a0ograniczeniem zdolno\u015bci ruchowej.<\/li>\n<\/ul>\n<p>Dost\u0119pno\u015b\u0107 pomieszcze\u0144, korytarzy, schod\u00f3w i wind:<\/p>\n<p>Dla os\u00f3b na w\u00f3zkach dost\u0119pne s\u0105 korytarze i pomieszczenia na parterze. W\u00a0budynku nie ma windy. Toaleta dla os\u00f3b z niepe\u0142nosprawno\u015bciami znajduje si\u0119 na parterze.<\/p>\n<p>Opis dostosowa\u0144, na przyk\u0142ad pochylni, platform, informacji g\u0142osowych, p\u0119tli indukcyjnych.<\/p>\n<ul>\n<li>Zastosowano pochylni\u0119 dla w\u00f3zk\u00f3w od ulicy Szkolnej.<\/li>\n<li>Informacja o rozk\u0142adzie pomieszcze\u0144 w budynku zapewniona jest w spos\u00f3b wizualny i g\u0142osowy poprzez umieszczon\u0105 tablic\u0119 informacyjn\u0105 oraz pracownika portierni znajduj\u0105cego si\u0119 przy wej\u015bciu do budynku.<\/li>\n<\/ul>\n<p>&nbsp;<\/p>\n<p>Informacje o miejscu i sposobie korzystania z miejsc parkingowych wyznaczonych dla os\u00f3b niepe\u0142nosprawnych.<\/p>\n<p>Przy budynku wyznaczono 1 miejsce parkingowe dla os\u00f3b niepe\u0142nosprawnych.<\/p>\n<p>Informacja o prawie wst\u0119pu z psem asystuj\u0105cym i ewentualnych uzasadnionych ograniczeniach.<\/p>\n<p>Do budynku i wszystkich jego pomieszcze\u0144 mo\u017cna wej\u015b\u0107 z psem asystuj\u0105cym i psem przewodnikiem.<\/p>\n<p><strong>Budynek hali sportowej, ul. Szkolna 1, 44-145 Pilchowice<\/strong><\/p>\n<p>Dost\u0119pno\u015b\u0107 wej\u015bcia do budynku. Do budynku prowadz\u0105 2 wej\u015bcia:<\/p>\n<ul>\n<li>od ul. Szkolnej 1 \u2013 g\u0142\u00f3wne wej\u015bcie, do kt\u00f3rego prowadzi p\u0142aski teren z trzema schodami oraz podjazd dla w\u00f3zk\u00f3w. Do budynku prowadz\u0105 drzwi dwuskrzyd\u0142owe o szeroko\u015bci 160 cm wyposa\u017cone w samozamykacz. Drzwi umo\u017cliwiaj\u0105 wjazd osoby na w\u00f3zku, z w\u00f3zkiem dzieci\u0119cym oraz z\u00a0ograniczeniem zdolno\u015bci ruchowej.<\/li>\n<li><\/li>\n<li>Od budynku szko\u0142y podstawowej \u2013 \u0142\u0105cznik, do kt\u00f3rego prowadzi p\u0142aski utwardzony teren z dziesi\u0119cioma schodami oraz podjazd. Do budynku prowadz\u0105 drzwi dwuskrzyd\u0142owe o szeroko\u015bci 160 cm wyposa\u017cone w samozamykacz.<\/li>\n<\/ul>\n<p>Dost\u0119pno\u015b\u0107 pomieszcze\u0144, korytarzy, schod\u00f3w i wind:<\/p>\n<p>Dla os\u00f3b na w\u00f3zkach dost\u0119pne s\u0105 korytarze i pomieszczenia na parterze. W\u00a0budynku nie ma windy. Toaleta dla os\u00f3b z niepe\u0142nosprawno\u015bciami znajduje si\u0119 na parterze.<\/p>\n<p>Opis dostosowa\u0144, na przyk\u0142ad pochylni, platform, informacji g\u0142osowych, p\u0119tli indukcyjnych.<\/p>\n<ul>\n<li>Zastosowano pochylni\u0119 dla w\u00f3zk\u00f3w od ulicy Szkolnej.<\/li>\n<li>Informacja o rozk\u0142adzie pomieszcze\u0144 w budynku zapewniona jest w spos\u00f3b wizualny i g\u0142osowy poprzez umieszczon\u0105 tablic\u0119 informacyjn\u0105 oraz pracownika portierni znajduj\u0105cego si\u0119 przy wej\u015bciu do budynku.<\/li>\n<\/ul>\n<p>Informacje o miejscu i sposobie korzystania z miejsc parkingowych wyznaczonych dla os\u00f3b niepe\u0142nosprawnych.<\/p>\n<p>Przy budynku wyznaczono 1 miejsce parkingowe dla os\u00f3b niepe\u0142nosprawnych.<\/p>\n<p>Informacja o prawie wst\u0119pu z psem asystuj\u0105cym i ewentualnych uzasadnionych ograniczeniach.<\/p>\n<p>Do budynku i wszystkich jego pomieszcze\u0144 mo\u017cna wej\u015b\u0107 z psem asystuj\u0105cym i psem przewodnikiem.<\/p>\n<p>&nbsp;<\/p>\n<p><strong>Budynek Publicznego Przedszkola, ul. Szkolna 1, 44-145 Pilchowice<\/strong><\/p>\n<p>Dost\u0119pno\u015b\u0107 wej\u015bcia do budynku. Do budynku prowadz\u0105 2 \u00a0wej\u015bcia:<\/p>\n<ul>\n<li>od ul. Szkolnej \u2013 g\u0142\u00f3wne wej\u015bcie, do kt\u00f3rego prowadzi p\u0142aski utwardzony teren przystosowany dla w\u00f3zk\u00f3w. Do budynku prowadz\u0105 drzwi dwuskrzyd\u0142owe o szeroko\u015bci 140 cm wyposa\u017cone w samozamykacz. Drzwi umo\u017cliwiaj\u0105 wjazd osoby na w\u00f3zku, z w\u00f3zkiem dzieci\u0119cym oraz z\u00a0ograniczeniem zdolno\u015bci ruchowej.<\/li>\n<\/ul>\n<p>&nbsp;<\/p>\n<ul>\n<li>od ul. Szkolnej \u2013 \u00a0wej\u015bcie boczne dla personelu przedszkola, niedost\u0119pne dla os\u00f3b zewn\u0105trz.<\/li>\n<\/ul>\n<p>Dost\u0119pno\u015b\u0107 pomieszcze\u0144, korytarzy, schod\u00f3w i wind:<\/p>\n<p>Dla os\u00f3b na w\u00f3zkach dost\u0119pne s\u0105 korytarze i pomieszczenia na parterze. W\u00a0budynku nie ma windy.<\/p>\n<p>Opis dostosowa\u0144, na przyk\u0142ad pochylni, platform, informacji g\u0142osowych, p\u0119tli indukcyjnych.<\/p>\n<p>&nbsp;<\/p>\n<ul>\n<li>Informacja o rozk\u0142adzie pomieszcze\u0144 w budynku zapewniona jest w spos\u00f3b wizualny i g\u0142osowy poprzez umieszczon\u0105 tablic\u0119 informacyjn\u0105 oraz pracownika sekretariatu znajduj\u0105cego si\u0119 przy wej\u015bciu do budynku.<\/li>\n<\/ul>\n<p>Informacje o miejscu i sposobie korzystania z miejsc parkingowych wyznaczonych dla os\u00f3b niepe\u0142nosprawnych.<\/p>\n<p>Przy budynku wyznaczono 1 miejsce parkingowe dla os\u00f3b niepe\u0142nosprawnych.( przy budynku Szko\u0142y podstawowej )<\/p>\n<p>Informacja o prawie wst\u0119pu z psem asystuj\u0105cym i ewentualnych uzasadnionych ograniczeniach.<\/p>\n<p>Do budynku i wszystkich jego pomieszcze\u0144 mo\u017cna wej\u015b\u0107 z psem asystuj\u0105cym i psem przewodnikiem.<\/p>\n<p><strong>Informacje zwrotne i dane kontaktowe<\/strong><\/p>\n<p>W przypadku problem\u00f3w z dost\u0119pno\u015bci\u0105 serwisu internetowego http:\/\/www.bip.zs.pilchowice.pl\/ prosimy o kontakt. Adres poczty elektronicznej <a href=\"mailto:spzernica@pilchowice.pl\" target=\"_blank\" rel=\"noopener\">zs@pilchowice.pl<\/a>. Kontaktowa\u0107 mo\u017cna si\u0119 tak\u017ce dzwoni\u0105c na numer telefonu 32\u00a0235 65 70 .T\u0105\u00a0 sam\u0105 drog\u0105 mo\u017cna sk\u0142ada\u0107 wnioski o udost\u0119pnienie informacji niedost\u0119pnej oraz sk\u0142ada\u0107 skargi na brak zapewnienia dost\u0119pno\u015bci.<\/p>\n<p>Koordynator ds. dost\u0119pno\u015bci P. Agnieszka Gliklich, tel: 32\u00a0235 64 75, adres e-mail: <a href=\"mailto:gliklich.a@pilchowice.pl\" target=\"_blank\" rel=\"noopener\">gliklich.a@pilchowice.pl<\/a><\/p>\n<p>Ka\u017cdy ma prawo do\u00a0wyst\u0105pienia z\u00a0\u017c\u0105daniem zapewnienia dost\u0119pno\u015bci cyfrowej strony internetowej lub jakiego\u015b jej elementu. Mo\u017cna tak\u017ce za\u017c\u0105da\u0107 udost\u0119pnienia informacji w\u00a0formach alternatywnych, np. odczytanie niedost\u0119pnego cyfrowo dokumentu lub materia\u0142u itp. \u017b\u0105danie powinno zawiera\u0107 dane osoby zg\u0142aszaj\u0105cej \u017c\u0105danie, wskazanie, o\u00a0kt\u00f3r\u0105 stron\u0119 internetow\u0105 lub aplikacj\u0119 mobiln\u0105 chodzi, oraz\u00a0spos\u00f3b kontaktu. Je\u017celi osoba \u017c\u0105daj\u0105ca zg\u0142asza potrzeb\u0119 otrzymania informacji w\u00a0formie alternatywnej, powinna tak\u017ce okre\u015bli\u0107 form\u0119 tej\u00a0informacji.<\/p>\n<p>Podmiot publiczny powinien zrealizowa\u0107 \u017c\u0105danie niezw\u0142ocznie i\u00a0nie\u00a0p\u00f3\u017aniej, ni\u017c w\u00a0ci\u0105gu 7 dni. Je\u017celi dotrzymanie tego terminu nie\u00a0jest mo\u017cliwe, podmiot publiczny niezw\u0142ocznie informuje o\u00a0tym, kiedy realizacja \u017c\u0105dania b\u0119dzie mo\u017cliwa, przy czym termin ten nie\u00a0mo\u017ce by\u0107 d\u0142u\u017cszy ni\u017c 2 miesi\u0105ce. Je\u017celi zapewnienie dost\u0119pno\u015bci nie\u00a0jest mo\u017cliwe, podmiot publiczny mo\u017ce zaproponowa\u0107 alternatywny spos\u00f3b dost\u0119pu do\u00a0informacji.<\/p>\n<p>W\u00a0przypadku, gdy\u00a0podmiot odm\u00f3wi realizacji \u017c\u0105dania zapewnienia dost\u0119pno\u015bci lub alternatywnego dost\u0119pu do\u00a0informacji, mo\u017cna z\u0142o\u017cy\u0107 skarg\u0119 na\u00a0takie dzia\u0142anie.<\/p>\n<p>Po\u00a0wyczerpaniu wszystkich mo\u017cliwo\u015bci skarg\u0119 mo\u017cna przes\u0142a\u0107 tak\u017ce do\u00a0Rzecznika Praw Obywatelskich (<a href=\"https:\/\/www.rpo.gov.pl\/pl\">https:\/\/www.rpo.gov.pl\/pl<\/a>).<\/p>\n","protected":false},"excerpt":{"rendered":"<p>Dost\u0119pno\u015b\u0107 strony internetowej Zesp\u00f3\u0142 Szkolno-Przedszkolny w Pilchowicach\u00a0zobowi\u0105zuje si\u0119 zapewni\u0107 dost\u0119pno\u015b\u0107 strony internetowej\u00a0zs.pilchowice.pl\u00a0zgodnie z ustaw\u0105 z dnia 4 kwietnia 2019 r. o dost\u0119pno\u015bci cyfrowej stron internetowych i aplikacji mobilnych podmiot\u00f3w publicznych. ( Dz.U. poz. 848 z p\u00f3\u017an. zm.). Data publikacji strony &hellip; <a href=\"https:\/\/zs.pilchowice.pl\/?page_id=5597\">Czytaj dalej <span class=\"meta-nav\">&rarr;<\/span><\/a><\/p>\n","protected":false},"author":4,"featured_media":0,"parent":0,"menu_order":0,"comment_status":"closed","ping_status":"closed","template":"","meta":[],"_links":{"self":[{"href":"https:\/\/zs.pilchowice.pl\/index.php?rest_route=\/wp\/v2\/pages\/5597"}],"collection":[{"href":"https:\/\/zs.pilchowice.pl\/index.php?rest_route=\/wp\/v2\/pages"}],"about":[{"href":"https:\/\/zs.pilchowice.pl\/index.php?rest_route=\/wp\/v2\/types\/page"}],"author":[{"embeddable":true,"href":"https:\/\/zs.pilchowice.pl\/index.php?rest_route=\/wp\/v2\/users\/4"}],"replies":[{"embeddable":true,"href":"https:\/\/zs.pilchowice.pl\/index.php?rest_route=%2Fwp%2Fv2%2Fcomments&post=5597"}],"version-history":[{"count":8,"href":"https:\/\/zs.pilchowice.pl\/index.php?rest_route=\/wp\/v2\/pages\/5597\/revisions"}],"predecessor-version":[{"id":8003,"href":"https:\/\/zs.pilchowice.pl\/index.php?rest_route=\/wp\/v2\/pages\/5597\/revisions\/8003"}],"wp:attachment":[{"href":"https:\/\/zs.pilchowice.pl\/index.php?rest_route=%2Fwp%2Fv2%2Fmedia&parent=5597"}],"curies":[{"name":"wp","href":"https:\/\/api.w.org\/{rel}","templated":true}]}}