{"id":6076,"date":"2022-09-20T10:57:21","date_gmt":"2022-09-20T08:57:21","guid":{"rendered":"http:\/\/www.zs.pilchowice.pl\/?page_id=6076"},"modified":"2022-09-20T10:58:54","modified_gmt":"2022-09-20T08:58:54","slug":"narodowy-program-rozwoju-czytelnictwa-2-0-na-lata-2021-2025","status":"publish","type":"page","link":"https:\/\/zs.pilchowice.pl\/?page_id=6076","title":{"rendered":"Narodowy Program Rozwoju Czytelnictwa"},"content":{"rendered":"<p align=\"center\"><span style=\"font-size: large;\"><b>Narodowy Program Rozwoju Czytelnictwa 2.0 na lata 2021-2025<\/b><\/span><\/p>\n<p align=\"justify\"><span style=\"font-size: medium;\">W Zespole Szkolno \u2013 Przedszkolnym w Pilchowicach od 2021r. ruszy\u0142 <\/span><span style=\"font-size: medium;\"><b>program \u201eNarodowy Program Rozwoju Czytelnictwa 2.0 na lata 2021-2025\u201d<\/b><\/span><span style=\"font-size: medium;\">. W 2022r. szko\u0142a podstawowa otrzyma\u0142a dofinansowanie z bud\u017cetu pa\u0144stwa na zakup ksi\u0105\u017cek b\u0119d\u0105cych nowo\u015bciami wydawniczymi, element\u00f3w wyposa\u017cenia biblioteki szkolnej oraz realizacji dzia\u0142a\u0144 promuj\u0105cych czytelnictwo. <\/span><span style=\"font-size: medium;\"><b>Dofinansowanie wynios\u0142o 12.000,00z\u0142, natomiast ca\u0142kowita warto\u015b\u0107 zadania: 15.000,00z\u0142.<\/b><\/span><\/p>\n<p align=\"justify\"><a name=\"_GoBack\"><\/a> <span style=\"font-size: medium;\">W ramach dofinansowania biblioteka dokona zakupu literatury dla dzieci oraz m\u0142odzie\u017cy, w tym r\u00f3wnie\u017c lektur szkolnych. Elementy wyposa\u017cenia, kt\u00f3re zostan\u0105 zakupione to tablica sucho\u015bcieralna magnetyczna bia\u0142a dwustronna. <\/span><\/p>\n<p align=\"justify\"><span style=\"font-size: medium;\">W ramach dzia\u0142a\u0144 promuj\u0105cych czytelnictwo:<\/span><\/p>\n<ol>\n<li>\n<p align=\"justify\"><span style=\"font-size: medium;\">Biblioteka szkolna prowadzi i planuje w swojej dzia\u0142alno\u015bci konkursy dotycz\u0105ce czytelnictwa. Na rozw\u00f3j zainteresowa\u0144 czytelniczych wp\u0142ywa\u0107 b\u0119d\u0105 wypr\u00f3bowane formy konkurs\u00f3w plastycznych, czy wystaw galerii postaci z bajek.<\/span><\/p>\n<\/li>\n<li>\n<p align=\"justify\"><span style=\"font-size: medium;\">Organizacja r\u00f3\u017cnego rodzaju akcji czytelniczych polegaj\u0105ca na czytaniu ksi\u0105\u017cek przez uczni\u00f3w klas IV-VIII m\u0142odszym podczas d\u0142ugich przerw \u015bniadaniowych na sto\u0142\u00f3wce, promowanie czytania jako sposobu na woln\u0105 chwil\u0119.<\/span><\/p>\n<\/li>\n<li>\n<p align=\"justify\"><span style=\"font-size: medium;\">Organizacja kiermaszy ksi\u0105\u017cek.<\/span><\/p>\n<\/li>\n<li>\n<p align=\"justify\"><span style=\"font-size: medium;\">Prowadzenie lekcji bibliotecznych, podczas kt\u00f3rych propagowane b\u0119d\u0105 wolne zasoby bibliotek cyfrowych.<\/span><\/p>\n<\/li>\n<li>\n<p align=\"justify\"><span style=\"font-size: medium;\">Udzia\u0142 w og\u00f3lnopolskiej akcji: \u201eCa\u0142a Polska Czyta Dzieciom\u201d.<\/span><\/p>\n<\/li>\n<\/ol>\n<p align=\"center\">\n<p align=\"justify\">\n","protected":false},"excerpt":{"rendered":"<p>Narodowy Program Rozwoju Czytelnictwa 2.0 na lata 2021-2025 W Zespole Szkolno \u2013 Przedszkolnym w Pilchowicach od 2021r. ruszy\u0142 program \u201eNarodowy Program Rozwoju Czytelnictwa 2.0 na lata 2021-2025\u201d. W 2022r. szko\u0142a podstawowa otrzyma\u0142a dofinansowanie z bud\u017cetu pa\u0144stwa na zakup ksi\u0105\u017cek b\u0119d\u0105cych &hellip; <a href=\"https:\/\/zs.pilchowice.pl\/?page_id=6076\">Czytaj dalej <span class=\"meta-nav\">&rarr;<\/span><\/a><\/p>\n","protected":false},"author":4,"featured_media":0,"parent":0,"menu_order":0,"comment_status":"closed","ping_status":"closed","template":"","meta":[],"_links":{"self":[{"href":"https:\/\/zs.pilchowice.pl\/index.php?rest_route=\/wp\/v2\/pages\/6076"}],"collection":[{"href":"https:\/\/zs.pilchowice.pl\/index.php?rest_route=\/wp\/v2\/pages"}],"about":[{"href":"https:\/\/zs.pilchowice.pl\/index.php?rest_route=\/wp\/v2\/types\/page"}],"author":[{"embeddable":true,"href":"https:\/\/zs.pilchowice.pl\/index.php?rest_route=\/wp\/v2\/users\/4"}],"replies":[{"embeddable":true,"href":"https:\/\/zs.pilchowice.pl\/index.php?rest_route=%2Fwp%2Fv2%2Fcomments&post=6076"}],"version-history":[{"count":2,"href":"https:\/\/zs.pilchowice.pl\/index.php?rest_route=\/wp\/v2\/pages\/6076\/revisions"}],"predecessor-version":[{"id":6080,"href":"https:\/\/zs.pilchowice.pl\/index.php?rest_route=\/wp\/v2\/pages\/6076\/revisions\/6080"}],"wp:attachment":[{"href":"https:\/\/zs.pilchowice.pl\/index.php?rest_route=%2Fwp%2Fv2%2Fmedia&parent=6076"}],"curies":[{"name":"wp","href":"https:\/\/api.w.org\/{rel}","templated":true}]}}