{"id":6992,"date":"2024-09-24T15:42:19","date_gmt":"2024-09-24T13:42:19","guid":{"rendered":"https:\/\/zs.pilchowice.pl\/?page_id=6992"},"modified":"2025-09-18T12:14:09","modified_gmt":"2025-09-18T10:14:09","slug":"programy-nauczania-i-podreczniki","status":"publish","type":"page","link":"https:\/\/zs.pilchowice.pl\/?page_id=6992","title":{"rendered":"Programy nauczania i podr\u0119czniki"},"content":{"rendered":"<p><a href=\"https:\/\/zs.pilchowice.pl\/wp-content\/uploads\/2025\/09\/SZKOLNY-ZESTAW-PROGRAMOW-PODRECZNIKOW-NA-ROK-SZKOLNY-2025-2026.pdf\">SZKOLNY ZESTAW PROGRAM\u00d3W, PODR\u0118CZNIK\u00d3W NA ROK SZKOLNY 2025-2026<\/a><\/p>\n","protected":false},"excerpt":{"rendered":"<p>SZKOLNY ZESTAW PROGRAM\u00d3W, PODR\u0118CZNIK\u00d3W NA ROK SZKOLNY 2025-2026<\/p>\n","protected":false},"author":4,"featured_media":0,"parent":0,"menu_order":0,"comment_status":"closed","ping_status":"closed","template":"","meta":[],"_links":{"self":[{"href":"https:\/\/zs.pilchowice.pl\/index.php?rest_route=\/wp\/v2\/pages\/6992"}],"collection":[{"href":"https:\/\/zs.pilchowice.pl\/index.php?rest_route=\/wp\/v2\/pages"}],"about":[{"href":"https:\/\/zs.pilchowice.pl\/index.php?rest_route=\/wp\/v2\/types\/page"}],"author":[{"embeddable":true,"href":"https:\/\/zs.pilchowice.pl\/index.php?rest_route=\/wp\/v2\/users\/4"}],"replies":[{"embeddable":true,"href":"https:\/\/zs.pilchowice.pl\/index.php?rest_route=%2Fwp%2Fv2%2Fcomments&post=6992"}],"version-history":[{"count":7,"href":"https:\/\/zs.pilchowice.pl\/index.php?rest_route=\/wp\/v2\/pages\/6992\/revisions"}],"predecessor-version":[{"id":7580,"href":"https:\/\/zs.pilchowice.pl\/index.php?rest_route=\/wp\/v2\/pages\/6992\/revisions\/7580"}],"wp:attachment":[{"href":"https:\/\/zs.pilchowice.pl\/index.php?rest_route=%2Fwp%2Fv2%2Fmedia&parent=6992"}],"curies":[{"name":"wp","href":"https:\/\/api.w.org\/{rel}","templated":true}]}}