{"id":7053,"date":"2024-11-06T11:01:13","date_gmt":"2024-11-06T10:01:13","guid":{"rendered":"https:\/\/zs.pilchowice.pl\/?page_id=7053"},"modified":"2024-11-22T10:00:46","modified_gmt":"2024-11-22T09:00:46","slug":"wymagania-edukacyjne","status":"publish","type":"page","link":"https:\/\/zs.pilchowice.pl\/?page_id=7053","title":{"rendered":"Wymagania edukacyjne"},"content":{"rendered":"<p><a href=\"https:\/\/zs.pilchowice.pl\/wp-content\/uploads\/2024\/11\/jezyk-polski.pdf\">J\u0119zyk polski<\/a><br \/>\n<a href=\"https:\/\/zs.pilchowice.pl\/wp-content\/uploads\/2024\/11\/Kryteria_jezyk_angielski.pdf\">J\u0119zyk angielski<\/a><br \/>\n<a href=\"https:\/\/zs.pilchowice.pl\/wp-content\/uploads\/2024\/11\/Kryteria-oceniania-jezyk-niemiecki.pdf\">Drugi j\u0119zyk obcy nowo\u017cytny &#8211; j. niemiecki<\/a><br \/>\n<a href=\"https:\/\/zs.pilchowice.pl\/wp-content\/uploads\/2024\/11\/Muzyka.pdf\">Muzyka<\/a><br \/>\n<a href=\"https:\/\/zs.pilchowice.pl\/wp-content\/uploads\/2024\/11\/Plastyka.pdf\">Plastyka<\/a><br \/>\n<a href=\"https:\/\/zs.pilchowice.pl\/wp-content\/uploads\/2024\/11\/HISTORIA.pdf\">Historia<\/a><br \/>\n<a href=\"https:\/\/zs.pilchowice.pl\/wp-content\/uploads\/2024\/11\/Wiedza-o-spoleczenstwie-1.pdf\">Wiedza o spo\u0142ecze\u0144stwie<\/a><br \/>\n<a href=\"https:\/\/zs.pilchowice.pl\/wp-content\/uploads\/2024\/11\/przyroda.pdf.pdf\">Przyroda<\/a><br \/>\n<a href=\"https:\/\/zs.pilchowice.pl\/wp-content\/uploads\/2024\/11\/Wymagania-razem-geografia-5-8.pdf\">Geografia<\/a><br \/>\n<a href=\"https:\/\/zs.pilchowice.pl\/wp-content\/uploads\/2024\/11\/biologia.pdf\">Biologia<\/a><br \/>\n<a href=\"https:\/\/zs.pilchowice.pl\/wp-content\/uploads\/2024\/11\/chemia-1.pdf-1.pdf\">Chemia<\/a><br \/>\n<a href=\"https:\/\/zs.pilchowice.pl\/wp-content\/uploads\/2024\/11\/Fizyka-1.pdf\">Fizyka<\/a><br \/>\n<a href=\"https:\/\/zs.pilchowice.pl\/wp-content\/uploads\/2024\/11\/wymagania_edukacyjne_matematyka.pdf\">Matematyka<\/a><br \/>\n<a href=\"https:\/\/zs.pilchowice.pl\/wp-content\/uploads\/2024\/11\/wymagania-edukacyjne-informatyka.pdf\">Informatyka<\/a><br \/>\n<a href=\"https:\/\/zs.pilchowice.pl\/wp-content\/uploads\/2024\/11\/Technika-wymagania-456-1.pdf\">Technika<\/a><br \/>\n<a href=\"https:\/\/zs.pilchowice.pl\/wp-content\/uploads\/2024\/11\/4-WYMAGANIA-EDUKACYJNE-Z-WYCHOWANIA-FIZYCZNEGO-DLA-KLASY-IV-scalone-1.pdf\">Wychowanie fizyczne<\/a><br \/>\n<a href=\"https:\/\/zs.pilchowice.pl\/wp-content\/uploads\/2024\/11\/Wymagania-edukacyjne-EDB.pdf\">Edukacja dla bezpiecze\u0144stwa<\/a><br \/>\n<a href=\"https:\/\/zs.pilchowice.pl\/wp-content\/uploads\/2024\/11\/WYMAGANIA-EDUKACYJNE-RELIGIA-4-8-2.pdf\">Religia<\/a><br \/>\n<a href=\"https:\/\/zs.pilchowice.pl\/wp-content\/uploads\/2024\/11\/WYMAGANIA-EDUKACYJNE-I-KRYTERIA-OCENIANIA-Z-JEZYKA-MNIEJSZOSCI-NARODOWEJ.pdf\">J. mniejszo\u015bci niemieckiej \u2013 j. niemiecki<\/a><br \/>\n<a href=\"https:\/\/zs.pilchowice.pl\/wp-content\/uploads\/2024\/11\/Dokument-2-1.pdf-szkola-1.pdf\">J. niemiecki na poziomie klas I &#8211; III<\/a><\/p>\n","protected":false},"excerpt":{"rendered":"<p>J\u0119zyk polski J\u0119zyk angielski Drugi j\u0119zyk obcy nowo\u017cytny &#8211; j. niemiecki Muzyka Plastyka Historia Wiedza o spo\u0142ecze\u0144stwie Przyroda Geografia Biologia Chemia Fizyka Matematyka Informatyka Technika Wychowanie fizyczne Edukacja dla bezpiecze\u0144stwa Religia J. mniejszo\u015bci niemieckiej \u2013 j. niemiecki J. niemiecki na &hellip; <a href=\"https:\/\/zs.pilchowice.pl\/?page_id=7053\">Czytaj dalej <span class=\"meta-nav\">&rarr;<\/span><\/a><\/p>\n","protected":false},"author":4,"featured_media":0,"parent":0,"menu_order":0,"comment_status":"closed","ping_status":"closed","template":"","meta":[],"_links":{"self":[{"href":"https:\/\/zs.pilchowice.pl\/index.php?rest_route=\/wp\/v2\/pages\/7053"}],"collection":[{"href":"https:\/\/zs.pilchowice.pl\/index.php?rest_route=\/wp\/v2\/pages"}],"about":[{"href":"https:\/\/zs.pilchowice.pl\/index.php?rest_route=\/wp\/v2\/types\/page"}],"author":[{"embeddable":true,"href":"https:\/\/zs.pilchowice.pl\/index.php?rest_route=\/wp\/v2\/users\/4"}],"replies":[{"embeddable":true,"href":"https:\/\/zs.pilchowice.pl\/index.php?rest_route=%2Fwp%2Fv2%2Fcomments&post=7053"}],"version-history":[{"count":20,"href":"https:\/\/zs.pilchowice.pl\/index.php?rest_route=\/wp\/v2\/pages\/7053\/revisions"}],"predecessor-version":[{"id":7127,"href":"https:\/\/zs.pilchowice.pl\/index.php?rest_route=\/wp\/v2\/pages\/7053\/revisions\/7127"}],"wp:attachment":[{"href":"https:\/\/zs.pilchowice.pl\/index.php?rest_route=%2Fwp%2Fv2%2Fmedia&parent=7053"}],"curies":[{"name":"wp","href":"https:\/\/api.w.org\/{rel}","templated":true}]}}