{"id":7595,"date":"2025-09-24T08:32:34","date_gmt":"2025-09-24T06:32:34","guid":{"rendered":"https:\/\/zs.pilchowice.pl\/?page_id=7595"},"modified":"2026-04-13T08:11:43","modified_gmt":"2026-04-13T06:11:43","slug":"jadlospis","status":"publish","type":"page","link":"https:\/\/zs.pilchowice.pl\/?page_id=7595","title":{"rendered":"Sto\u0142\u00f3wka"},"content":{"rendered":"<p align=\"CENTER\"><span style=\"font-family: Times New Roman, serif;\"><span style=\"font-size: xx-large;\"><b><span style=\"font-size: x-large;\">JAD\u0141OSPIS DEKADOWY <\/span><\/b><\/span><\/span><\/p>\n<p align=\"CENTER\"><span style=\"font-family: Times New Roman, serif;\"><span style=\"font-size: x-large;\"><b>13-24.04.2026<\/b><\/span><\/span><\/p>\n<table border=\"1\" width=\"100%\" cellspacing=\"0\" cellpadding=\"4\">\n<tbody>\n<tr valign=\"TOP\">\n<td width=\"23%\">\n<p align=\"CENTER\"><span style=\"font-family: Times New Roman, serif;\"><span style=\"font-size: large;\"><b>13.04.2026<\/b><\/span><\/span><\/p>\n<p align=\"CENTER\"><span style=\"font-family: Times New Roman, serif;\"><span style=\"font-size: large;\"><b>Poniedzia\u0142ek<\/b><\/span><\/span><\/p>\n<\/td>\n<td width=\"61%\">\n<p align=\"LEFT\"><span style=\"font-family: Times New Roman, serif;\"><span style=\"font-size: small;\"><b>Barszcz bia\u0142y z jajkiem i kie\u0142bas\u0105 z szynki<\/b><span style=\"font-size: xx-small;\">(1,2,4,5,6,7,8,9)<\/span><\/span><\/span><\/p>\n<p align=\"LEFT\"><span style=\"font-family: Times New Roman, serif;\"><span style=\"font-size: medium;\"><b><span style=\"font-size: small;\">Ry\u017c z jab\u0142kami<\/span><\/b><span style=\"font-size: small;\"> (<\/span><span style=\"font-size: xx-small;\">1,2,4,5,6,7,8,9)<\/span><\/span><\/span><\/p>\n<p align=\"LEFT\"><span style=\"font-family: Times New Roman, serif;\"><span style=\"font-size: medium;\"><b><span style=\"font-size: small;\">Actimel(<\/span><\/b><span style=\"font-size: xx-small;\">1,2,4,5,6,7,8,9)<\/span><\/span><\/span><\/p>\n<p align=\"LEFT\"><span style=\"font-family: Times New Roman, serif;\"><span style=\"font-size: small;\"><b>Woda \u017ar\u00f3dlana <\/b><\/span><\/span><\/p>\n<\/td>\n<td width=\"16%\"><span style=\"font-family: Times New Roman, serif;\"><span style=\"font-size: small;\">270ml<\/span><\/span><\/p>\n<p><span style=\"font-family: Times New Roman, serif;\"><span style=\"font-size: small;\">400g<\/span><\/span><\/p>\n<p><span style=\"font-family: Times New Roman, serif;\"><span style=\"font-size: small;\">100g<\/span><\/span><\/p>\n<p><span style=\"font-family: Times New Roman, serif;\"><span style=\"font-size: small;\">200ml<\/span><\/span><\/td>\n<\/tr>\n<tr valign=\"TOP\">\n<td width=\"23%\">\n<p align=\"CENTER\"><span style=\"font-family: Times New Roman, serif;\"><span style=\"font-size: large;\"><b>14.04.2026<\/b><\/span><\/span><\/p>\n<p align=\"CENTER\"><span style=\"font-family: Times New Roman, serif;\"><span style=\"font-size: large;\"><b>Wtorek<\/b><\/span><\/span><\/p>\n<\/td>\n<td width=\"61%\">\n<p align=\"LEFT\"><span style=\"font-family: Times New Roman, serif;\"><span style=\"font-size: medium;\"><b><span style=\"font-size: small;\">Krem z dyni <\/span><\/b><span style=\"font-size: small;\">(<\/span><span style=\"font-size: xx-small;\">1,2,4,5,6,7,8,9)<\/span><\/span><\/span><\/p>\n<p align=\"LEFT\"><span style=\"font-family: Times New Roman, serif;\"><span style=\"font-size: xx-small;\"><span style=\"font-size: small;\"><b>Kartacze z mi\u0119sem w okrasie<\/b><\/span> (1,2,4,5,6,7,8,9)<\/span><\/span><\/p>\n<p align=\"LEFT\"><span style=\"font-family: Times New Roman, serif;\"><span style=\"font-size: small;\"><b>Sa\u0142atka z kapusty czerwonej, cebuli i jab\u0142ka <\/b><span style=\"font-size: xx-small;\">(1,2,4,5,6,7,8,9)<\/span><\/span><\/span><\/p>\n<p align=\"LEFT\"><span style=\"font-family: Times New Roman, serif;\"><span style=\"font-size: small;\"><b>Woda \u017ar\u00f3dlana<\/b><\/span><\/span><\/p>\n<\/td>\n<td width=\"16%\"><span style=\"font-family: Times New Roman, serif;\"><span style=\"font-size: small;\">270ml<\/span><\/span><\/p>\n<p><span style=\"font-family: Times New Roman, serif;\"><span style=\"font-size: small;\">300g<\/span><\/span><\/p>\n<p><span style=\"font-family: Times New Roman, serif;\"><span style=\"font-size: small;\">100g<\/span><\/span><\/p>\n<p><span style=\"font-family: Times New Roman, serif;\"><span style=\"font-size: small;\">200ml<\/span><\/span><\/td>\n<\/tr>\n<tr valign=\"TOP\">\n<td width=\"23%\">\n<p align=\"CENTER\"><span style=\"font-family: Times New Roman, serif;\"><span style=\"font-size: large;\"><b>15.04.2026<\/b><\/span><\/span><\/p>\n<p align=\"CENTER\"><span style=\"font-family: Times New Roman, serif;\"><span style=\"font-size: large;\"><b>\u015aroda <\/b><\/span><\/span><\/p>\n<\/td>\n<td width=\"61%\">\n<p align=\"LEFT\"><span style=\"font-family: Times New Roman, serif;\"><span style=\"font-size: small;\"><b>Zupa brukselkowa z ry\u017cem (<\/b><span style=\"font-size: xx-small;\">1,2,4,5,6,7,8,9)<\/span><\/span><\/span><\/p>\n<p align=\"LEFT\"><span style=\"font-family: Times New Roman, serif;\"><span style=\"font-size: small;\"><b>Kotlet mielony <\/b><span style=\"font-size: xx-small;\">(1,2,4,5,6,7,8,9)<\/span><\/span><\/span><\/p>\n<p align=\"LEFT\"><span style=\"font-family: Times New Roman, serif;\"><span style=\"font-size: small;\"><b>Ziemniaki<\/b><span style=\"font-size: xx-small;\">(1,2,4,5,6,7,8,9)<\/span><\/span><\/span><\/p>\n<p align=\"LEFT\"><span style=\"font-family: Times New Roman, serif;\"><span style=\"font-size: small;\"><b>Mizeria na jogurcie greckim<\/b><span style=\"font-size: xx-small;\">(1,2,4,5,6,7,8,9)<\/span><\/span><\/span><\/p>\n<p align=\"LEFT\"><span style=\"font-family: Times New Roman, serif;\"><span style=\"font-size: small;\"><b>Woda \u017ar\u00f3dlana<\/b><\/span><\/span><\/p>\n<\/td>\n<td width=\"16%\"><span style=\"font-family: Times New Roman, serif;\"><span style=\"font-size: small;\">270ml<\/span><\/span><\/p>\n<p><span style=\"font-family: Times New Roman, serif;\"><span style=\"font-size: small;\">100g<\/span><\/span><\/p>\n<p><span style=\"font-family: Times New Roman, serif;\"><span style=\"font-size: small;\">200g<\/span><\/span><\/p>\n<p><span style=\"font-family: Times New Roman, serif;\"><span style=\"font-size: small;\">100g<\/span><\/span><\/p>\n<p><span style=\"font-family: Times New Roman, serif;\"><span style=\"font-size: small;\">200ml<\/span><\/span><\/td>\n<\/tr>\n<tr valign=\"TOP\">\n<td width=\"23%\">\n<p align=\"CENTER\"><span style=\"font-family: Times New Roman, serif;\"><span style=\"font-size: large;\"><b>16.04.2026<\/b><\/span><\/span><\/p>\n<p align=\"CENTER\"><span style=\"font-family: Times New Roman, serif;\"><span style=\"font-size: large;\"><b>Czwartek<\/b><\/span><\/span><\/p>\n<\/td>\n<td width=\"61%\">\n<p align=\"LEFT\"><span style=\"font-family: Times New Roman, serif;\"><span style=\"font-size: small;\"><b>Zupa og\u00f3rkowa<\/b><span style=\"font-size: xx-small;\">(1,2,4,5,6,7,8,9)<\/span><\/span><\/span><\/p>\n<p align=\"LEFT\"><span style=\"font-family: Times New Roman, serif;\"><span style=\"font-size: small;\"><b>Schab duszony w warzywach<\/b><span style=\"font-size: xx-small;\">(1,2,4,5,6,7,8,9)<\/span><\/span><\/span><\/p>\n<p align=\"LEFT\"><span style=\"font-family: Times New Roman, serif;\"><span style=\"font-size: small;\"><b>Kasza p\u0119czak<\/b><span style=\"font-size: xx-small;\">(1,2,4,5,6,7,8,9)<\/span><\/span><\/span><\/p>\n<p align=\"LEFT\"><span style=\"font-family: Times New Roman, serif;\"><span style=\"font-size: small;\"><b>Buraczki z chrzanem<\/b><span style=\"font-size: xx-small;\">(1,2,4,5,6,7,8,9)<\/span><\/span><\/span><\/p>\n<p align=\"LEFT\"><span style=\"font-family: Times New Roman, serif;\"><span style=\"font-size: small;\"><b>Woda \u017ar\u00f3dlana<\/b><\/span><\/span><\/p>\n<\/td>\n<td width=\"16%\"><span style=\"font-family: Times New Roman, serif;\"><span style=\"font-size: small;\">270ml<\/span><\/span><\/p>\n<p><span style=\"font-family: Times New Roman, serif;\"><span style=\"font-size: small;\">100g<\/span><\/span><\/p>\n<p><span style=\"font-family: Times New Roman, serif;\"><span style=\"font-size: small;\">200g<\/span><\/span><\/p>\n<p><span style=\"font-family: Times New Roman, serif;\"><span style=\"font-size: small;\">100g<\/span><\/span><\/p>\n<p><span style=\"font-family: Times New Roman, serif;\"><span style=\"font-size: small;\">200ml<\/span><\/span><\/td>\n<\/tr>\n<tr valign=\"TOP\">\n<td width=\"23%\" height=\"34\">\n<p align=\"CENTER\"><span style=\"font-family: Times New Roman, serif;\"><span style=\"font-size: large;\"><b>17.04.2026<\/b><\/span><\/span><\/p>\n<p align=\"CENTER\"><span style=\"font-family: Times New Roman, serif;\"><span style=\"font-size: large;\"><b>Pi\u0105tek<\/b><\/span><\/span><\/p>\n<\/td>\n<td width=\"61%\">\n<p align=\"LEFT\"><span style=\"font-family: Times New Roman, serif;\"><span style=\"font-size: small;\"><b>Zupa jarzynowa z makaronem<\/b><span style=\"font-size: xx-small;\">(1,2,4,5,6,7,8,9)<\/span><\/span><\/span><\/p>\n<p align=\"LEFT\"><span style=\"font-family: Times New Roman, serif;\"><span style=\"font-size: small;\"><b>Paluszki z mintaja<\/b><span style=\"font-size: xx-small;\">(1,2,4,5,6,7,8,9)<\/span><\/span><\/span><\/p>\n<p align=\"LEFT\"><span style=\"font-family: Times New Roman, serif;\"><span style=\"font-size: small;\"><b>Ziemniaki<\/b><span style=\"font-size: xx-small;\">(1,2,4,5,6,7,8,9)<\/span><\/span><\/span><\/p>\n<p align=\"LEFT\"><span style=\"font-family: Times New Roman, serif;\"><span style=\"font-size: small;\"><b>Fasolka szparagowa z mas\u0142em i bu\u0142k\u0105 tart\u0105<\/b><span style=\"font-size: xx-small;\">(1,2,4,5,6,7,8,9)<\/span><\/span><\/span><\/p>\n<p align=\"LEFT\"><span style=\"font-family: Times New Roman, serif;\"><span style=\"font-size: small;\"><b>Woda \u017ar\u00f3dlana<\/b><\/span><\/span><\/p>\n<\/td>\n<td width=\"16%\"><span style=\"font-family: Times New Roman, serif;\"><span style=\"font-size: small;\">270ml<\/span><\/span><\/p>\n<p><span style=\"font-family: Times New Roman, serif;\"><span style=\"font-size: small;\">100g<\/span><\/span><\/p>\n<p><span style=\"font-family: Times New Roman, serif;\"><span style=\"font-size: small;\">200g<\/span><\/span><\/p>\n<p><span style=\"font-family: Times New Roman, serif;\"><span style=\"font-size: small;\">100g<\/span><\/span><\/p>\n<p><span style=\"font-family: Times New Roman, serif;\"><span style=\"font-size: small;\">200ml<\/span><\/span><\/td>\n<\/tr>\n<tr valign=\"TOP\">\n<td width=\"23%\" height=\"34\">\n<p align=\"CENTER\"><span style=\"font-family: Times New Roman, serif;\"><span style=\"font-size: large;\"><b>20.04.2026<\/b><\/span><\/span><\/p>\n<p align=\"CENTER\"><span style=\"font-family: Times New Roman, serif;\"><span style=\"font-size: large;\"><b>Poniedzia\u0142ek<\/b><\/span><\/span><\/p>\n<\/td>\n<td width=\"61%\">\n<p align=\"LEFT\"><span style=\"font-family: Times New Roman, serif;\"><span style=\"font-size: small;\"><b>Zupa z czerwonej soczewicy<\/b><span style=\"font-size: xx-small;\">(1,2,4,5,6,7,8,9)<\/span><\/span><\/span><\/p>\n<p align=\"LEFT\"><span style=\"font-family: Times New Roman, serif;\"><span style=\"font-size: small;\"><b>Pierogi z owocami i sosem twaro\u017ckowym<\/b><span style=\"font-size: xx-small;\">(1,2,4,5,6,7,8,9)<\/span><\/span><\/span><\/p>\n<p align=\"LEFT\"><span style=\"font-family: Times New Roman, serif;\"><span style=\"font-size: small;\"><b>Przek\u0105ska owocowa<\/b><span style=\"font-size: xx-small;\">(1,2,4,5,6,7,8,9)<\/span><\/span><\/span><\/p>\n<p align=\"LEFT\"><span style=\"font-family: Times New Roman, serif;\"><span style=\"font-size: small;\"><b>Woda \u017ar\u00f3dlana<\/b><\/span><\/span><\/p>\n<\/td>\n<td width=\"16%\"><span style=\"font-family: Times New Roman, serif;\"><span style=\"font-size: small;\">270ml<\/span><\/span><\/p>\n<p><span style=\"font-family: Times New Roman, serif;\"><span style=\"font-size: small;\">400g<\/span><\/span><\/p>\n<p><span style=\"font-family: Times New Roman, serif;\"><span style=\"font-size: small;\">18g<\/span><\/span><\/p>\n<p><span style=\"font-family: Times New Roman, serif;\"><span style=\"font-size: small;\">200ml<\/span><\/span><\/td>\n<\/tr>\n<tr valign=\"TOP\">\n<td width=\"23%\">\n<p align=\"CENTER\"><span style=\"font-family: Times New Roman, serif;\"><span style=\"font-size: large;\"><b>21.04.2026<\/b><\/span><\/span><\/p>\n<p align=\"CENTER\"><span style=\"font-family: Times New Roman, serif;\"><span style=\"font-size: large;\"><b>Wtorek <\/b><\/span><\/span><\/p>\n<\/td>\n<td width=\"61%\">\n<p align=\"LEFT\"><span style=\"font-family: Times New Roman, serif;\"><span style=\"font-size: small;\"><b>Zupa -krem z bia\u0142ych warzyw z grzankami<\/b><span style=\"font-size: xx-small;\">(1,2,4,5,6,7,8,9)<\/span><\/span><\/span><\/p>\n<p align=\"LEFT\"><span style=\"font-family: Times New Roman, serif;\"><span style=\"font-size: small;\"><b>\u0141azanki z m\u0142odej kapusty z kie\u0142bas\u0105 i mi\u0119sem wieprzowym<\/b><span style=\"font-size: xx-small;\">(1,2,4,5,6,7,8,9)<\/span><\/span><\/span><\/p>\n<p align=\"LEFT\"><span style=\"font-family: Times New Roman, serif;\"><span style=\"font-size: small;\"><b>Przek\u0105ska owocowa<\/b><span style=\"font-size: xx-small;\">(1,2,4,5,6,7,8,9)<\/span><\/span><\/span><\/p>\n<p align=\"LEFT\"><span style=\"font-family: Times New Roman, serif;\"><span style=\"font-size: small;\"><b>Woda \u017ar\u00f3dlana<\/b><\/span><\/span><\/p>\n<\/td>\n<td width=\"16%\"><span style=\"font-family: Times New Roman, serif;\"><span style=\"font-size: small;\">270ml<\/span><\/span><\/p>\n<p><span style=\"font-family: Times New Roman, serif;\"><span style=\"font-size: small;\">400g<\/span><\/span><\/p>\n<p><span style=\"font-family: Times New Roman, serif;\"><span style=\"font-size: small;\">18g<\/span><\/span><\/p>\n<p><span style=\"font-family: Times New Roman, serif;\"><span style=\"font-size: small;\">200ml<\/span><\/span><\/td>\n<\/tr>\n<tr valign=\"TOP\">\n<td width=\"23%\" height=\"42\">\n<p align=\"CENTER\"><span style=\"font-family: Times New Roman, serif;\"><span style=\"font-size: large;\"><b>22.04.2026<\/b><\/span><\/span><\/p>\n<p align=\"CENTER\"><span style=\"font-family: Times New Roman, serif;\"><span style=\"font-size: large;\"><b>\u015aroda<\/b><\/span><\/span><\/p>\n<\/td>\n<td width=\"61%\">\n<p align=\"LEFT\"><span style=\"font-family: Times New Roman, serif;\"><span style=\"font-size: small;\"><b>Krupnik z pieczarkami <\/b><span style=\"font-size: xx-small;\">(1,2,4,5,6,8,9)<\/span><\/span><\/span><\/p>\n<p align=\"LEFT\"><span style=\"font-family: Times New Roman, serif;\"><span style=\"font-size: xx-small;\"><span style=\"font-size: small;\"><b>Nuggetsy z kurczaka<\/b><\/span>(1,2,4,5,6,8,9)<\/span><\/span><\/p>\n<p align=\"LEFT\"><span style=\"font-family: Times New Roman, serif;\"><span style=\"font-size: small;\"><b>Ziemniaki<\/b><span style=\"font-size: xx-small;\">(1,2,4,5,6,8,9)<\/span><\/span><\/span><\/p>\n<p align=\"LEFT\"><span style=\"font-family: Times New Roman, serif;\"><span style=\"font-size: small;\"><b>Sur\u00f3wka wiosenna (sa\u0142ata, rzodkiewka, szczypiorek)<\/b><span style=\"font-size: xx-small;\">(1,2,4,5,6,7,8,9)<\/span><\/span><\/span><\/p>\n<p align=\"LEFT\"><span style=\"font-family: Times New Roman, serif;\"><span style=\"font-size: small;\"><b>Woda \u017ar\u00f3dlana<\/b><\/span><\/span><\/p>\n<\/td>\n<td width=\"16%\"><span style=\"font-family: Times New Roman, serif;\"><span style=\"font-size: small;\">270ml <\/span><\/span><\/p>\n<p><span style=\"font-family: Times New Roman, serif;\"><span style=\"font-size: small;\">100g<\/span><\/span><\/p>\n<p><span style=\"font-family: Times New Roman, serif;\"><span style=\"font-size: small;\">200g<\/span><\/span><\/p>\n<p><span style=\"font-family: Times New Roman, serif;\"><span style=\"font-size: small;\">100g<\/span><\/span><\/p>\n<p><span style=\"font-family: Times New Roman, serif;\"><span style=\"font-size: small;\">200ml<\/span><\/span><\/td>\n<\/tr>\n<tr valign=\"TOP\">\n<td width=\"23%\">\n<p align=\"CENTER\"><span style=\"font-family: Times New Roman, serif;\"><span style=\"font-size: large;\"><b>23.04.2026<\/b><\/span><\/span><\/p>\n<p align=\"CENTER\"><span style=\"font-family: Times New Roman, serif;\"><span style=\"font-size: large;\"><b>Czwartek<\/b><\/span><\/span><\/p>\n<\/td>\n<td width=\"61%\">\n<p align=\"LEFT\"><span style=\"font-family: Times New Roman, serif;\"><span style=\"font-size: small;\"><b>Zupa solferino<\/b><span style=\"font-size: xx-small;\">(1,2,4,5,6,7,8,9)<\/span><\/span><\/span><\/p>\n<p align=\"LEFT\"><span style=\"font-family: Times New Roman, serif;\"><span style=\"font-size: small;\"><b>Indyk w sosie \u015bmietanowym<\/b><span style=\"font-size: xx-small;\">(1,2,4,5,6,7,8,9)<\/span><\/span><\/span><\/p>\n<p align=\"LEFT\"><span style=\"font-family: Times New Roman, serif;\"><span style=\"font-size: small;\"><b>Kasza bulgur<\/b><span style=\"font-size: xx-small;\">(1,2,4,5,6,7,8,9)<\/span><\/span><\/span><\/p>\n<p align=\"LEFT\"><span style=\"font-family: Times New Roman, serif;\"><span style=\"font-size: small;\"><b>Bukiet warzyw z wody<\/b><span style=\"font-size: xx-small;\"> (1,2,4,5,6,7,8,9)<\/span><\/span><\/span><\/p>\n<p align=\"LEFT\"><span style=\"font-family: Times New Roman, serif;\"><span style=\"font-size: small;\"><b>Woda \u017ar\u00f3dlana<\/b><\/span><\/span><\/p>\n<\/td>\n<td width=\"16%\"><span style=\"font-family: Times New Roman, serif;\"><span style=\"font-size: small;\">270ml<\/span><\/span><\/p>\n<p><span style=\"font-family: Times New Roman, serif;\"><span style=\"font-size: small;\">100g<\/span><\/span><\/p>\n<p><span style=\"font-family: Times New Roman, serif;\"><span style=\"font-size: small;\">200g<\/span><\/span><\/p>\n<p><span style=\"font-family: Times New Roman, serif;\"><span style=\"font-size: small;\">100g<\/span><\/span><\/p>\n<p><span style=\"font-family: Times New Roman, serif;\"><span style=\"font-size: small;\">200ml<\/span><\/span><\/td>\n<\/tr>\n<tr valign=\"TOP\">\n<td width=\"23%\">\n<p align=\"CENTER\"><span style=\"font-family: Times New Roman, serif;\"><span style=\"font-size: large;\"><b>24.04.2026<\/b><\/span><\/span><\/p>\n<p align=\"CENTER\"><span style=\"font-family: Times New Roman, serif;\"><span style=\"font-size: large;\"><b>Pi\u0105tek<\/b><\/span><\/span><\/p>\n<\/td>\n<td width=\"61%\">\n<p align=\"LEFT\"><span style=\"font-family: Times New Roman, serif;\"><span style=\"font-size: small;\"><b>Zupa koperkowa z lanym ciastem<\/b><span style=\"font-size: xx-small;\">(1,2,4,5,6,8,9)<\/span><\/span><\/span><\/p>\n<p align=\"LEFT\"><span style=\"font-family: Times New Roman, serif;\"><span style=\"font-size: xx-small;\"><span style=\"font-size: small;\"><b>Jajko w sosie musztardowym<\/b><\/span>(1,2,3,4,5,6,8,9)<\/span><\/span><\/p>\n<p align=\"LEFT\"><span style=\"font-family: Times New Roman, serif;\"><span style=\"font-size: small;\"><b>Ziemniaki<\/b><span style=\"font-size: xx-small;\">(1,2,4,5,6,8,9)<\/span><\/span><\/span><\/p>\n<p align=\"LEFT\"><span style=\"font-family: Times New Roman, serif;\"><span style=\"font-size: small;\"><b>Sur\u00f3wka z bia\u0142ej kapusty(<\/b><span style=\"font-size: xx-small;\">1,2,4,5,6,8,9)<\/span><\/span><\/span><\/p>\n<p align=\"LEFT\"><span style=\"font-family: Times New Roman, serif;\"><span style=\"font-size: small;\"><b>Woda \u017ar\u00f3dlana<\/b><\/span><\/span><\/p>\n<\/td>\n<td width=\"16%\"><span style=\"font-family: Times New Roman, serif;\"><span style=\"font-size: small;\">270g<\/span><\/span><\/p>\n<p><span style=\"font-family: Times New Roman, serif;\"><span style=\"font-size: small;\">100g<\/span><\/span><\/p>\n<p><span style=\"font-family: Times New Roman, serif;\"><span style=\"font-size: small;\">200g<\/span><\/span><\/p>\n<p><span style=\"font-family: Times New Roman, serif;\"><span style=\"font-size: small;\">100g<\/span><\/span><\/p>\n<p><span style=\"font-family: Times New Roman, serif;\"><span style=\"font-size: small;\">200ml<\/span><\/span><\/td>\n<\/tr>\n<\/tbody>\n<\/table>\n<p>&nbsp;<\/p>\n<p><span style=\"color: #000000;\"><span style=\"font-family: Times New Roman, serif;\"><span style=\"font-size: small;\">Do ka\u017cdego obiadu wydawane s\u0105 r\u00f3wnie\u017c owoce sezonowe jak jab\u0142ka, gruszki, \u015bliwki, mandarynki. Jad\u0142ospis mo\u017ce ulec zmianie z uwagi na dostawy.<\/span><\/span><\/span><\/p>\n<p align=\"LEFT\"><span style=\"color: #000000;\"><span style=\"font-family: Times New Roman, serif;\"><span style=\"font-size: small;\">Oznaczenia alergen\u00f3w wyst\u0119puj\u0105cych w posi\u0142kach:<\/span><\/span><\/span><\/p>\n<p align=\"LEFT\"><span style=\"color: #000000;\"><span style=\"font-family: Times New Roman, serif;\"><span style=\"font-size: small;\">1 &#8211; Zbo\u017ca zawieraj\u0105ce gluten;2 \u2013 Jaja i produkty pochodne;3 \u2013 Ryby i produkty pochodne;4 \u2013 Soja i produkty pochodne;5 \u2013 Mleko<br \/>\ni produkty pochodne;6 \u2013 Seler i produkty pochodne;7-Orzechy i produkty pochodne,8 \u2013 Gorczyca i produkty pochodne<\/span><\/span><\/span><\/p>\n<p align=\"LEFT\"><span style=\"color: #000000;\"><span style=\"font-family: Times New Roman, serif;\"><span style=\"font-size: small;\">9 \u2013 Nasiona sezamu i produkty pochodne;<\/span><\/span><\/span><\/p>\n<p align=\"LEFT\"><span style=\"color: #000000;\"><span style=\"font-family: Times New Roman, serif;\"><span style=\"font-size: small;\">Zgodnie z informacjami od producent\u00f3w oznaczony produkt mo\u017ce zawiera\u0107 \u015bladowe ilo\u015bci: glutenu, mleka, selera, jaj, gorczycy, orzech\u00f3w, sezamu. Podobnie jak u\u017cywane do przygotowania posi\u0142k\u00f3w przyprawy: pieprz, ziele angielskie, li\u015b\u0107 laurowy, majeranek, oregano, zio\u0142a prowansalskie, papryka s\u0142odka ,rozmaryn, imbir, lubczyk, curry, czosnek <\/span><\/span><\/span><\/p>\n<p align=\"LEFT\"><a style=\"font-weight: 300;\" href=\"https:\/\/zs.pilchowice.pl\/wp-content\/uploads\/2025\/09\/Harmonogram-oplat.pdf\">Harmonogram op\u0142at<\/a><\/p>\n<p><a href=\"https:\/\/zs.pilchowice.pl\/wp-content\/uploads\/2025\/09\/karta_obiadow_deklaracja-od-IX-2025.pdf\">karta_obiadow_deklaracja od IX 2025<\/a><\/p>\n<p><a href=\"https:\/\/zs.pilchowice.pl\/wp-content\/uploads\/2026\/02\/Regulamin-stolowki-szkolnej-2026.pdf\">Regulamin sto\u0142\u00f3wki szkolnej -2026<\/a><\/p>\n<p>&nbsp;<\/p>\n<p align=\"LEFT\">\n","protected":false},"excerpt":{"rendered":"<p>JAD\u0141OSPIS DEKADOWY 13-24.04.2026 13.04.2026 Poniedzia\u0142ek Barszcz bia\u0142y z jajkiem i kie\u0142bas\u0105 z szynki(1,2,4,5,6,7,8,9) Ry\u017c z jab\u0142kami (1,2,4,5,6,7,8,9) Actimel(1,2,4,5,6,7,8,9) Woda \u017ar\u00f3dlana 270ml 400g 100g 200ml 14.04.2026 Wtorek Krem z dyni (1,2,4,5,6,7,8,9) Kartacze z mi\u0119sem w okrasie (1,2,4,5,6,7,8,9) Sa\u0142atka z kapusty czerwonej, &hellip; <a href=\"https:\/\/zs.pilchowice.pl\/?page_id=7595\">Czytaj dalej <span class=\"meta-nav\">&rarr;<\/span><\/a><\/p>\n","protected":false},"author":4,"featured_media":0,"parent":0,"menu_order":0,"comment_status":"closed","ping_status":"closed","template":"","meta":[],"_links":{"self":[{"href":"https:\/\/zs.pilchowice.pl\/index.php?rest_route=\/wp\/v2\/pages\/7595"}],"collection":[{"href":"https:\/\/zs.pilchowice.pl\/index.php?rest_route=\/wp\/v2\/pages"}],"about":[{"href":"https:\/\/zs.pilchowice.pl\/index.php?rest_route=\/wp\/v2\/types\/page"}],"author":[{"embeddable":true,"href":"https:\/\/zs.pilchowice.pl\/index.php?rest_route=\/wp\/v2\/users\/4"}],"replies":[{"embeddable":true,"href":"https:\/\/zs.pilchowice.pl\/index.php?rest_route=%2Fwp%2Fv2%2Fcomments&post=7595"}],"version-history":[{"count":22,"href":"https:\/\/zs.pilchowice.pl\/index.php?rest_route=\/wp\/v2\/pages\/7595\/revisions"}],"predecessor-version":[{"id":8115,"href":"https:\/\/zs.pilchowice.pl\/index.php?rest_route=\/wp\/v2\/pages\/7595\/revisions\/8115"}],"wp:attachment":[{"href":"https:\/\/zs.pilchowice.pl\/index.php?rest_route=%2Fwp%2Fv2%2Fmedia&parent=7595"}],"curies":[{"name":"wp","href":"https:\/\/api.w.org\/{rel}","templated":true}]}}